{"id":6925,"date":"2018-05-04T17:11:53","date_gmt":"2018-05-04T17:11:53","guid":{"rendered":"https:\/\/albumexpress.net\/?page_id=6925"},"modified":"2018-05-11T15:20:05","modified_gmt":"2018-05-11T15:20:05","slug":"terms-and-conditions-of-use","status":"publish","type":"page","link":"https:\/\/albumexpress.net\/pt\/terms-and-conditions-of-use\/","title":{"rendered":"Termos e Condi\u00e7\u00f5es de Uso"},"content":{"rendered":"<div id=\"fws_69dca5575c5e3\"  data-column-margin=\"default\" data-midnight=\"light\" data-top-percent=\"14%\" data-bottom-percent=\"12%\"  class=\"wpb_row vc_row-fluid vc_row full-width-section parallax_section\"  style=\"padding-top: calc(100vw * 0.14); padding-bottom: calc(100vw * 0.12); \"><div class=\"row-bg-wrap\" data-bg-animation=\"none\" data-bg-animation-delay=\"\" data-bg-overlay=\"true\"><div class=\"inner-wrap row-bg-layer using-image\" ><div class=\"row-bg viewport-desktop using-image using-bg-color\" data-parallax-speed=\"fast\" style=\"background-image: url(https:\/\/albumexpress.net\/wp-content\/uploads\/2018\/05\/contact-background.jpg); background-position: center center; background-repeat: no-repeat; background-color: #ffffff; \"><\/div><\/div><div class=\"row-bg-overlay row-bg-layer\" style=\"background: #0a0000; background: linear-gradient(90deg,#0a0000 0%,rgba(10,10,10,0.5) 100%);  opacity: 0.5; \"><\/div><\/div><div class=\"row_col_wrap_12 col span_12 light left\">\n\t<div  class=\"vc_col-sm-12 wpb_column column_container vc_column_container col no-extra-padding\"  data-padding-pos=\"all\" data-has-bg-color=\"false\" data-bg-color=\"\" data-bg-opacity=\"1\" data-animation=\"\" data-delay=\"0\" >\n\t\t<div class=\"vc_column-inner\" >\n\t\t\t<div class=\"wpb_wrapper\">\n\t\t\t\t<div id=\"fws_69dca5575caa4\" data-midnight=\"\" data-column-margin=\"default\" class=\"wpb_row vc_row-fluid vc_row inner_row vc_row-o-equal-height vc_row-flex vc_row-o-content-middle\"  style=\"\"><div class=\"row-bg-wrap\"> <div class=\"row-bg\" ><\/div> <\/div><div class=\"row_col_wrap_12_inner col span_12  left\">\n\t<div  class=\"vc_col-sm-6 vc_col-lg-6 vc_col-md-6 vc_col-xs-12 wpb_column column_container vc_column_container col child_column has-animation no-extra-padding\"   data-padding-pos=\"all\" data-has-bg-color=\"false\" data-bg-color=\"\" data-bg-opacity=\"1\" data-animation=\"fade-in\" data-delay=\"0\" >\n\t\t<div class=\"vc_column-inner\" >\n\t\t<div class=\"wpb_wrapper\">\n\t\t\t<div class=\"nectar-split-heading\" data-align=\"default\" data-m-align=\"inherit\" data-text-effect=\"default\" data-animation-type=\"default\" data-animation-delay=\"0\" data-animation-offset=\"\" data-m-rm-animation=\"\" data-stagger=\"\" data-custom-font-size=\"false\" ><div class=\"heading-line\" > <div><h1>Termos e<\/h1> <\/div> <\/div><div class=\"heading-line\" > <div><h1>Condi\u00e7\u00f5es de Uso<\/h1> <\/div> <\/div><\/div>\n\t\t<\/div> \n\t<\/div>\n\t<\/div> \n\n\t<div  class=\"vc_col-sm-3 vc_hidden-sm vc_hidden-xs wpb_column column_container vc_column_container col child_column no-extra-padding\"   data-padding-pos=\"all\" data-has-bg-color=\"false\" data-bg-color=\"\" data-bg-opacity=\"1\" data-animation=\"\" data-delay=\"0\" >\n\t\t<div class=\"vc_column-inner\" >\n\t\t<div class=\"wpb_wrapper\">\n\t\t\t\n\t\t<\/div> \n\t<\/div>\n\t<\/div> \n\n\t<div  class=\"vc_col-sm-3 vc_col-xs-12 wpb_column column_container vc_column_container col child_column has-animation padding-6-percent\"   data-padding-pos=\"bottom\" data-has-bg-color=\"false\" data-bg-color=\"\" data-bg-opacity=\"1\" data-animation=\"fade-in-from-bottom\" data-delay=\"0\" >\n\t\t<div class=\"vc_column-inner\" >\n\t\t<div class=\"wpb_wrapper\">\n\t\t\t\n\t\t<\/div> \n\t<\/div>\n\t<\/div> \n<\/div><\/div>\n\t\t\t<\/div> \n\t\t<\/div>\n\t<\/div> \n<\/div><\/div>\n\t\t<div id=\"fws_69dca5575d2f9\"  data-column-margin=\"default\" data-midnight=\"dark\" data-top-percent=\"5%\" data-bottom-percent=\"5%\"  class=\"wpb_row vc_row-fluid vc_row\"  style=\"padding-top: calc(100vw * 0.05); padding-bottom: calc(100vw * 0.05); \"><div class=\"row-bg-wrap\" data-bg-animation=\"none\" data-bg-animation-delay=\"\" data-bg-overlay=\"false\"><div class=\"inner-wrap row-bg-layer\" ><div class=\"row-bg viewport-desktop\"  style=\"\"><\/div><\/div><\/div><div class=\"row_col_wrap_12 col span_12 dark left\">\n\t<div  class=\"vc_col-sm-12 wpb_column column_container vc_column_container col no-extra-padding\"  data-padding-pos=\"all\" data-has-bg-color=\"false\" data-bg-color=\"\" data-bg-opacity=\"1\" data-animation=\"\" data-delay=\"0\" >\n\t\t<div class=\"vc_column-inner\" >\n\t\t\t<div class=\"wpb_wrapper\">\n\t\t\t\t<h1 style=\"font-size: 20px;color: #494949;line-height: 2;text-align: center;font-family:Quicksand;font-weight:400;font-style:normal\" class=\"vc_custom_heading\" >Termos e condi\u00e7\u00f5es International SPC srl<\/p>\n<p>Os seguintes termos e condi\u00e7\u00f5es (Termos e Condi\u00e7\u00f5es) regem o uso deste site e qualquer conte\u00fado disponibilizado a partir ou atrav\u00e9s dos seguintes sites da International SPC srl (Sites), incluindo, entre outros:<\/p>\n<p>Nome do site: www.albumexpress.net<\/p>\n<p>Os Sites pertencem e s\u00e3o operados pela International SPC srl. (International SPC srl ou n\u00f3s ou n\u00f3s).<br \/>\nSeu uso e acesso aos Sites indica sua aceita\u00e7\u00e3o destes Termos e Condi\u00e7\u00f5es.<\/p>\n<p>1. Associa\u00e7\u00e3o<br \/>\nVoc\u00ea n\u00e3o precisa ser membro dos Sites para acessar os Sites ou usar o conte\u00fado ou os servi\u00e7os. No entanto, o acesso a algumas \u00e1reas dos Sites e a alguns conte\u00fados e servi\u00e7os tamb\u00e9m pode ser restrito apenas aos membros.<br \/>\nAo se tornar um membro, voc\u00ea dever\u00e1 assinar um Contrato de Associa\u00e7\u00e3o separado.<\/p>\n<p>2. Direitos de Propriedade<br \/>\nSeu uso dos Sites n\u00e3o concede a voc\u00ea qualquer propriedade ou interesse em qualquer conte\u00fado, c\u00f3digo, dados ou materiais que voc\u00ea possa acessar nos Sites ou por meio de quaisquer direitos de propriedade intelectual que subsistam a qualquer conte\u00fado, c\u00f3digo, dados ou materiais que voc\u00ea possa acessar ou atrav\u00e9s dos sites.<br \/>\nVoc\u00ea pode fazer o download de uma \u00fanica c\u00f3pia de qualquer conte\u00fado contido nos Sites, exclusivamente para seu uso pessoal e n\u00e3o comercial, consistente com estes termos de uso, desde que mantenha os direitos autorais e outros avisos contidos nesse conte\u00fado. Isso exclui produtos dispon\u00edveis para venda \/ licenciamento nos Sites.<br \/>\nSeu uso dos Sites n\u00e3o concede a voc\u00ea qualquer propriedade ou interesse em qualquer conte\u00fado, c\u00f3digo, dados ou materiais que voc\u00ea possa acessar nos Sites ou por meio de quaisquer direitos de propriedade intelectual que subsistam a qualquer conte\u00fado, c\u00f3digo, dados ou materiais que voc\u00ea possa acessar ou atrav\u00e9s dos sites.<br \/>\nSe voc\u00ea fizer outro uso dos Sites, ou dos Produtos, conte\u00fado, c\u00f3digo, dados ou materiais contidos nos Sites ou disponibilizados atrav\u00e9s dos Sites, exceto conforme disposto acima, voc\u00ea violar\u00e1 os direitos autorais e outras leis da It\u00e1lia e de outros pa\u00edses. conforme as leis estaduais aplic\u00e1veis e podem estar sujeitos \u00e0 responsabilidade por esse uso n\u00e3o autorizado.<\/p>\n<p>3. Agente de Direitos Autorais<br \/>\nRespeitamos os direitos de propriedade intelectual de terceiros e exigimos que as pessoas que usam os Sites, ou os servi\u00e7os ou recursos disponibilizados nos ou atrav\u00e9s dos Sites, fa\u00e7am o mesmo.<br \/>\nSe voc\u00ea acredita que seu trabalho foi copiado de maneira a constituir viola\u00e7\u00e3o de direitos autorais, encaminhe as seguintes informa\u00e7\u00f5es para a International SPC srl:<br \/>\nseu endere\u00e7o, n\u00famero de telefone, e endere\u00e7o de e-mail;<br \/>\numa descri\u00e7\u00e3o de onde o suposto material infrator est\u00e1 localizado;<br \/>\numa descri\u00e7\u00e3o do trabalho protegido por direitos autorais que voc\u00ea alega ter sido violado; e<br \/>\numa declara\u00e7\u00e3o sua, de que voc\u00ea garante que as informa\u00e7\u00f5es acima em seu aviso s\u00e3o precisas e que voc\u00ea \u00e9 o propriet\u00e1rio dos direitos autorais ou est\u00e1 autorizado a agir em nome do propriet\u00e1rio dos direitos autorais.<\/p>\n<p>4. Marcas<br \/>\nAs marcas comerciais, logotipos, marcas de servi\u00e7o e nomes comerciais (coletivamente as Marcas Registradas) exibidas nos Sites ou no conte\u00fado dispon\u00edvel atrav\u00e9s dos Sites, s\u00e3o Marcas Registradas e n\u00e3o registradas da International SPC srl e outras.<br \/>\nNada contido nos Sites deve ser interpretado como concess\u00e3o expressa ou impl\u00edcita de qualquer licen\u00e7a ou direito de usar qualquer Marca Comercial exibida nos Sites sem a permiss\u00e3o por escrito da International SPC srl ou de terceiros que possam possuir a Marca Comercial aplic\u00e1vel.<\/p>\n<p>5. Altera\u00e7\u00f5es nos Termos e Condi\u00e7\u00f5es<br \/>\nA International SPC srl pode, a seu exclusivo crit\u00e9rio, revisar ou alterar estes Termos e Condi\u00e7\u00f5es (no todo ou em parte) de tempos em tempos e a qualquer momento, sem aviso pr\u00e9vio.<br \/>\nAs altera\u00e7\u00f5es nos Termos e Condi\u00e7\u00f5es entrar\u00e3o em vigor quando publicadas por n\u00f3s nos Sites.<br \/>\nSeu uso continuado dos Sites e \/ ou dos servi\u00e7os disponibilizados nos Sites ou por meio deles ap\u00f3s a publica\u00e7\u00e3o de quaisquer altera\u00e7\u00f5es nos Termos e Condi\u00e7\u00f5es ser\u00e1 considerado uma aceita\u00e7\u00e3o dessas altera\u00e7\u00f5es.<\/p>\n<p>6. Informa\u00e7\u00f5es do Usu\u00e1rio<br \/>\nDurante o uso dos Sites e \/ ou do conte\u00fado ou servi\u00e7os disponibilizados nos Sites, ou por meio deles, voc\u00ea poder\u00e1 ser solicitado a fornecer certas informa\u00e7\u00f5es personalizadas para n\u00f3s (Informa\u00e7\u00f5es do Usu\u00e1rio). As pol\u00edticas de coleta e uso de informa\u00e7\u00f5es da International SPC srl com rela\u00e7\u00e3o \u00e0 privacidade dessas informa\u00e7\u00f5es do usu\u00e1rio est\u00e3o definidas na Pol\u00edtica de Privacidade dos Sites.<br \/>\nVoc\u00ea \u00e9 o \u00fanico respons\u00e1vel pela precis\u00e3o e conte\u00fado das Informa\u00e7\u00f5es do Usu\u00e1rio.<\/p>\n<p>7. Link para os sites<br \/>\nVoc\u00ea concorda que, se incluir um link de qualquer outro site para os Sites, esse link dever\u00e1 estar vinculado \u00e0 vers\u00e3o completa de uma p\u00e1gina formatada em HTML dos Sites.<br \/>\nVoc\u00ea n\u00e3o tem permiss\u00e3o para vincular diretamente a qualquer imagem hospedada nos Sites ou em nossos servi\u00e7os, como usar um m\u00e9todo de vincula\u00e7\u00e3o \u201cin-line\u201d para fazer com que a imagem hospedada por n\u00f3s seja exibida em outro site.<br \/>\nVoc\u00ea concorda em n\u00e3o baixar ou usar imagens hospedadas nos Sites em outro site, para qualquer finalidade, incluindo, sem limita\u00e7\u00e3o, a publica\u00e7\u00e3o dessas imagens em outro site.<br \/>\nVoc\u00ea concorda em n\u00e3o vincular qualquer outro site aos Sites de qualquer maneira que os Sites, ou qualquer p\u00e1gina dos Sites, sejam &quot;enquadrados&quot;, cercados ou ofuscados por qualquer conte\u00fado, material ou marca de terceiros.<br \/>\nReservamo-nos o direito de insistir na descontinua\u00e7\u00e3o de qualquer link para os Sites e de revogar seu direito de vincular os Sites a partir de qualquer outro site a qualquer momento, mediante notifica\u00e7\u00e3o por escrito a voc\u00ea.<\/p>\n<p>8. Sites de terceiros.<br \/>\nVoc\u00ea pode passar dos Sites para sites de terceiros (Sites vinculados).<br \/>\nVoc\u00ea reconhece e concorda que n\u00e3o temos responsabilidade pelas informa\u00e7\u00f5es, conte\u00fado, produtos, servi\u00e7os, publicidade, c\u00f3digo ou outros materiais que possam ou n\u00e3o ser fornecidos por ou atrav\u00e9s de Sites Vinculados, mesmo que sejam de propriedade ou administrados por afiliados nossos.<br \/>\nA inclus\u00e3o de qualquer link para esses sites em nossos sites n\u00e3o implica o endosso, patroc\u00ednio ou recomenda\u00e7\u00e3o da International SPC srl a esse site.<br \/>\nA International SPC srl n\u00e3o se responsabiliza por links para outro site.<\/p>\n<p>9. Isen\u00e7\u00e3o de responsabilidade<br \/>\nA Lei de Pr\u00e1ticas Comerciais e legisla\u00e7\u00e3o similar de estado e territ\u00f3rio na It\u00e1lia podem conferir direitos e recursos a voc\u00ea em rela\u00e7\u00e3o aos bens ou servi\u00e7os fornecidos nos Sites que n\u00e3o podem ser exclu\u00eddos, restritos ou modificados pelo International SPC srl (Direitos N\u00e3o Exclud\u00edveis).<br \/>\nA International SPC srl n\u00e3o exclui nenhum direito n\u00e3o excludente, mas exclui todas as outras condi\u00e7\u00f5es e garantias impl\u00edcitas nos costumes, leis ou estatutos.<br \/>\nExceto conforme previsto pelos Direitos N\u00e3o Exclud\u00edveis:<br \/>\ntodo o conte\u00fado e servi\u00e7os nos Sites s\u00e3o fornecidos &quot;no estado em que se encontram&quot; e sem garantias de qualquer tipo, expressas ou impl\u00edcitas;<br \/>\nA International SPC srl e seus fornecedores renunciam expressamente a todas as garantias de qualquer tipo, incluindo, entre outras, garantias impl\u00edcitas de comercializa\u00e7\u00e3o e adequa\u00e7\u00e3o a uma finalidade espec\u00edfica;<br \/>\nA International SPC srl n\u00e3o garante que as fun\u00e7\u00f5es contidas em qualquer conte\u00fado ou seu acesso aos Sites sejam ininterruptas ou livres de erros, que quaisquer defeitos sejam corrigidos ou que os Sites ou o servidor que armazena e transmite conte\u00fado para voc\u00ea est\u00e3o livres de v\u00edrus ou outros componentes prejudiciais; e International SPC srl n\u00e3o garante ou faz qualquer representa\u00e7\u00e3o relativa ao seu acesso aos, ou aos resultados do seu acesso aos Sites (incluindo sites relacionados ou vinculados) ou qualquer conte\u00fado em termos de corre\u00e7\u00e3o, precis\u00e3o, pontualidade, integridade, confiabilidade ou ent\u00e3o.<br \/>\nSob nenhuma circunst\u00e2ncia (incluindo, sem limita\u00e7\u00e3o, qualquer ato ou omiss\u00e3o por parte da International SPC srl), a International SPC srl ou suas afiliadas ser\u00e3o respons\u00e1veis por quaisquer danos indiretos, incidentais, especiais e \/ ou conseq\u00fcentes ou perda de lucros, qualquer que seja o resultado de qualquer uso ou acesso ou incapacidade de usar ou acessar os Sites ou o conte\u00fado.<br \/>\nNa extens\u00e3o m\u00e1xima permitida por lei, a responsabilidade da International SPC srl pela viola\u00e7\u00e3o de qualquer garantia ou condi\u00e7\u00e3o impl\u00edcita que n\u00e3o possa ser exclu\u00edda \u00e9 limitada \u00e0 op\u00e7\u00e3o da International SPC srl ao seguinte:<br \/>\nNo caso de servi\u00e7os prestados ou oferecidos pela International SPC srl:<br \/>\na presta\u00e7\u00e3o dos servi\u00e7os novamente;<br \/>\no pagamento do custo de ter os servi\u00e7os prestados novamente; e<br \/>\nno caso de bens fornecidos ou oferecidos por n\u00f3s:<br \/>\na substitui\u00e7\u00e3o dos bens ou o fornecimento de bens equivalentes; ou<br \/>\no pagamento do custo da substitui\u00e7\u00e3o ou aquisi\u00e7\u00e3o de bens equivalentes.<\/p>\n<p>10. Leis aplic\u00e1veis<br \/>\nControlamos e operamos os Sites em nossos escrit\u00f3rios na It\u00e1lia, de acordo com as leis da It\u00e1lia. N\u00e3o representamos que os materiais nos Sites sejam apropriados ou dispon\u00edveis para uso em outros locais. As pessoas que optarem por acessar os Sites de outros locais o fazem por sua pr\u00f3pria iniciativa e s\u00e3o respons\u00e1veis pelo cumprimento das leis locais, se e na medida em que as leis locais forem aplic\u00e1veis.<\/h1>\n\t\t\t<\/div> \n\t\t<\/div>\n\t<\/div> \n<\/div><\/div>","protected":false},"excerpt":{"rendered":"Terms and conditions of use Terms and Conditions International SPC srl The following terms and conditions (Terms and Conditions) govern your use of this web site, and any content made...","protected":false},"author":2,"featured_media":0,"parent":0,"menu_order":0,"comment_status":"closed","ping_status":"open","template":"","meta":{"footnotes":""},"class_list":["post-6925","page","type-page","status-publish"],"yoast_head":"<!-- This site is optimized with the Yoast SEO plugin v24.4 - https:\/\/yoast.com\/wordpress\/plugins\/seo\/ -->\n<title>Album Express Software for Photographers - terms and conditions of use<\/title>\n<meta name=\"description\" content=\"Album Express Software for Professional Wedding and Portrait Photographers. The Fastest and Easiest professional album design software and the most profitable studio sales software all in one suite.\" \/>\n<meta name=\"robots\" content=\"index, follow, max-snippet:-1, max-image-preview:large, max-video-preview:-1\" \/>\n<link rel=\"canonical\" href=\"https:\/\/albumexpress.net\/pt\/terms-and-conditions-of-use\/\" \/>\n<meta property=\"og:locale\" content=\"pt_PT\" \/>\n<meta property=\"og:type\" content=\"article\" \/>\n<meta property=\"og:title\" content=\"Album Express Software for Photographers - terms and conditions of use\" \/>\n<meta property=\"og:description\" content=\"Album Express Software for Professional Wedding and Portrait Photographers. The Fastest and Easiest professional album design software and the most profitable studio sales software all in one suite.\" \/>\n<meta property=\"og:url\" content=\"https:\/\/albumexpress.net\/pt\/terms-and-conditions-of-use\/\" \/>\n<meta property=\"og:site_name\" content=\"Album Express\" \/>\n<meta property=\"article:publisher\" content=\"https:\/\/www.facebook.com\/AlbumExpress\/\" \/>\n<meta property=\"article:modified_time\" content=\"2018-05-11T15:20:05+00:00\" \/>\n<meta name=\"twitter:card\" content=\"summary_large_image\" \/>\n<meta name=\"twitter:site\" content=\"@spc_software\" \/>\n<meta name=\"twitter:label1\" content=\"Tempo estimado de leitura\" \/>\n\t<meta name=\"twitter:data1\" content=\"9 minutos\" \/>\n<script type=\"application\/ld+json\" class=\"yoast-schema-graph\">{\"@context\":\"https:\/\/schema.org\",\"@graph\":[{\"@type\":\"WebPage\",\"@id\":\"https:\/\/albumexpress.net\/terms-and-conditions-of-use\/\",\"url\":\"https:\/\/albumexpress.net\/terms-and-conditions-of-use\/\",\"name\":\"Album Express Software for Photographers - terms and conditions of use\",\"isPartOf\":{\"@id\":\"https:\/\/albumexpress.net\/#website\"},\"datePublished\":\"2018-05-04T17:11:53+00:00\",\"dateModified\":\"2018-05-11T15:20:05+00:00\",\"description\":\"Album Express Software for Professional Wedding and Portrait Photographers. The Fastest and Easiest professional album design software and the most profitable studio sales software all in one suite.\",\"breadcrumb\":{\"@id\":\"https:\/\/albumexpress.net\/terms-and-conditions-of-use\/#breadcrumb\"},\"inLanguage\":\"pt-PT\",\"potentialAction\":[{\"@type\":\"ReadAction\",\"target\":[\"https:\/\/albumexpress.net\/terms-and-conditions-of-use\/\"]}]},{\"@type\":\"BreadcrumbList\",\"@id\":\"https:\/\/albumexpress.net\/terms-and-conditions-of-use\/#breadcrumb\",\"itemListElement\":[{\"@type\":\"ListItem\",\"position\":1,\"name\":\"Home\",\"item\":\"https:\/\/albumexpress.net\/\"},{\"@type\":\"ListItem\",\"position\":2,\"name\":\"Terms and conditions of use\"}]},{\"@type\":\"WebSite\",\"@id\":\"https:\/\/albumexpress.net\/#website\",\"url\":\"https:\/\/albumexpress.net\/\",\"name\":\"Album Expresss: Album Design Software for Photographers\",\"description\":\"Album Design Software for Professional Wedding and Portrait Photographers | Try Now - No Credit Card Required\",\"publisher\":{\"@id\":\"https:\/\/albumexpress.net\/#organization\"},\"potentialAction\":[{\"@type\":\"SearchAction\",\"target\":{\"@type\":\"EntryPoint\",\"urlTemplate\":\"https:\/\/albumexpress.net\/?s={search_term_string}\"},\"query-input\":{\"@type\":\"PropertyValueSpecification\",\"valueRequired\":true,\"valueName\":\"search_term_string\"}}],\"inLanguage\":\"pt-PT\"},{\"@type\":\"Organization\",\"@id\":\"https:\/\/albumexpress.net\/#organization\",\"name\":\"Album Express\",\"url\":\"https:\/\/albumexpress.net\/\",\"logo\":{\"@type\":\"ImageObject\",\"inLanguage\":\"pt-PT\",\"@id\":\"https:\/\/albumexpress.net\/#\/schema\/logo\/image\/\",\"url\":\"https:\/\/albumexpress.net\/wp-content\/uploads\/2018\/05\/Album-Express-8-Mac-Box.png\",\"contentUrl\":\"https:\/\/albumexpress.net\/wp-content\/uploads\/2018\/05\/Album-Express-8-Mac-Box.png\",\"width\":1520,\"height\":1520,\"caption\":\"Album Express\"},\"image\":{\"@id\":\"https:\/\/albumexpress.net\/#\/schema\/logo\/image\/\"},\"sameAs\":[\"https:\/\/www.facebook.com\/AlbumExpress\/\",\"https:\/\/x.com\/spc_software\",\"https:\/\/www.instagram.com\/spc_international\/\",\"https:\/\/www.linkedin.com\/in\/spc-international-63b24238\/\",\"https:\/\/it.pinterest.com\/spcinternational\/\",\"https:\/\/www.youtube.com\/user\/AlbumExpress\"]}]}<\/script>\n<!-- \/ Yoast SEO plugin. -->","yoast_head_json":{"title":"Album Express Software for Photographers - terms and conditions of use","description":"Album Express Software for Professional Wedding and Portrait Photographers. The Fastest and Easiest professional album design software and the most profitable studio sales software all in one suite.","robots":{"index":"index","follow":"follow","max-snippet":"max-snippet:-1","max-image-preview":"max-image-preview:large","max-video-preview":"max-video-preview:-1"},"canonical":"https:\/\/albumexpress.net\/pt\/terms-and-conditions-of-use\/","og_locale":"pt_PT","og_type":"article","og_title":"Album Express Software for Photographers - terms and conditions of use","og_description":"Album Express Software for Professional Wedding and Portrait Photographers. The Fastest and Easiest professional album design software and the most profitable studio sales software all in one suite.","og_url":"https:\/\/albumexpress.net\/pt\/terms-and-conditions-of-use\/","og_site_name":"Album Express","article_publisher":"https:\/\/www.facebook.com\/AlbumExpress\/","article_modified_time":"2018-05-11T15:20:05+00:00","twitter_card":"summary_large_image","twitter_site":"@spc_software","twitter_misc":{"Tempo estimado de leitura":"9 minutos"},"schema":{"@context":"https:\/\/schema.org","@graph":[{"@type":"WebPage","@id":"https:\/\/albumexpress.net\/terms-and-conditions-of-use\/","url":"https:\/\/albumexpress.net\/terms-and-conditions-of-use\/","name":"Album Express Software for Photographers - terms and conditions of use","isPartOf":{"@id":"https:\/\/albumexpress.net\/#website"},"datePublished":"2018-05-04T17:11:53+00:00","dateModified":"2018-05-11T15:20:05+00:00","description":"Album Express Software for Professional Wedding and Portrait Photographers. The Fastest and Easiest professional album design software and the most profitable studio sales software all in one suite.","breadcrumb":{"@id":"https:\/\/albumexpress.net\/terms-and-conditions-of-use\/#breadcrumb"},"inLanguage":"pt-PT","potentialAction":[{"@type":"ReadAction","target":["https:\/\/albumexpress.net\/terms-and-conditions-of-use\/"]}]},{"@type":"BreadcrumbList","@id":"https:\/\/albumexpress.net\/terms-and-conditions-of-use\/#breadcrumb","itemListElement":[{"@type":"ListItem","position":1,"name":"Home","item":"https:\/\/albumexpress.net\/"},{"@type":"ListItem","position":2,"name":"Terms and conditions of use"}]},{"@type":"WebSite","@id":"https:\/\/albumexpress.net\/#website","url":"https:\/\/albumexpress.net\/","name":"Album Expresss: Album Design Software for Photographers","description":"Album Design Software for Professional Wedding and Portrait Photographers | Try Now - No Credit Card Required","publisher":{"@id":"https:\/\/albumexpress.net\/#organization"},"potentialAction":[{"@type":"SearchAction","target":{"@type":"EntryPoint","urlTemplate":"https:\/\/albumexpress.net\/?s={search_term_string}"},"query-input":{"@type":"PropertyValueSpecification","valueRequired":true,"valueName":"search_term_string"}}],"inLanguage":"pt-PT"},{"@type":"Organization","@id":"https:\/\/albumexpress.net\/#organization","name":"Album Express","url":"https:\/\/albumexpress.net\/","logo":{"@type":"ImageObject","inLanguage":"pt-PT","@id":"https:\/\/albumexpress.net\/#\/schema\/logo\/image\/","url":"https:\/\/albumexpress.net\/wp-content\/uploads\/2018\/05\/Album-Express-8-Mac-Box.png","contentUrl":"https:\/\/albumexpress.net\/wp-content\/uploads\/2018\/05\/Album-Express-8-Mac-Box.png","width":1520,"height":1520,"caption":"Album Express"},"image":{"@id":"https:\/\/albumexpress.net\/#\/schema\/logo\/image\/"},"sameAs":["https:\/\/www.facebook.com\/AlbumExpress\/","https:\/\/x.com\/spc_software","https:\/\/www.instagram.com\/spc_international\/","https:\/\/www.linkedin.com\/in\/spc-international-63b24238\/","https:\/\/it.pinterest.com\/spcinternational\/","https:\/\/www.youtube.com\/user\/AlbumExpress"]}]}},"_links":{"self":[{"href":"https:\/\/albumexpress.net\/pt\/wp-json\/wp\/v2\/pages\/6925","targetHints":{"allow":["GET"]}}],"collection":[{"href":"https:\/\/albumexpress.net\/pt\/wp-json\/wp\/v2\/pages"}],"about":[{"href":"https:\/\/albumexpress.net\/pt\/wp-json\/wp\/v2\/types\/page"}],"author":[{"embeddable":true,"href":"https:\/\/albumexpress.net\/pt\/wp-json\/wp\/v2\/users\/2"}],"replies":[{"embeddable":true,"href":"https:\/\/albumexpress.net\/pt\/wp-json\/wp\/v2\/comments?post=6925"}],"version-history":[{"count":6,"href":"https:\/\/albumexpress.net\/pt\/wp-json\/wp\/v2\/pages\/6925\/revisions"}],"predecessor-version":[{"id":7529,"href":"https:\/\/albumexpress.net\/pt\/wp-json\/wp\/v2\/pages\/6925\/revisions\/7529"}],"wp:attachment":[{"href":"https:\/\/albumexpress.net\/pt\/wp-json\/wp\/v2\/media?parent=6925"}],"curies":[{"name":"wp","href":"https:\/\/api.w.org\/{rel}","templated":true}]}}