{"id":7273,"date":"2018-05-09T16:10:01","date_gmt":"2018-05-09T16:10:01","guid":{"rendered":"https:\/\/albumexpress.net\/?page_id=7273"},"modified":"2021-06-09T10:51:49","modified_gmt":"2021-06-09T10:51:49","slug":"design-software","status":"publish","type":"page","link":"https:\/\/albumexpress.net\/fr\/design-software\/","title":{"rendered":"Les partenaires"},"content":{"rendered":"<div id=\"fws_69dca5528b244\"  data-column-margin=\"default\" data-midnight=\"dark\" data-top-percent=\"5%\" data-bottom-percent=\"5%\"  class=\"wpb_row vc_row-fluid vc_row full-width-section\"  style=\"padding-top: calc(100vw * 0.05); padding-bottom: calc(100vw * 0.05); \"><div class=\"row-bg-wrap\" data-bg-animation=\"none\" data-bg-animation-delay=\"\" data-bg-overlay=\"true\"><div class=\"inner-wrap row-bg-layer using-image\" ><div class=\"row-bg viewport-desktop using-image\"  style=\"background-image: url(https:\/\/albumexpress.net\/wp-content\/uploads\/2018\/05\/Partners.jpg); background-position: center center; background-repeat: no-repeat; \"><\/div><\/div><div class=\"row-bg-overlay row-bg-layer\" style=\"background: #ffffff; background: linear-gradient(45deg,#ffffff 0%,rgba(252,252,252,0.93) 100%);  opacity: 0.95; \"><\/div><\/div><div class=\"row_col_wrap_12 col span_12 dark left\">\n\t<div  class=\"vc_col-sm-1 wpb_column column_container vc_column_container col centered-text no-extra-padding inherit_tablet inherit_phone\"  data-padding-pos=\"all\" data-has-bg-color=\"false\" data-bg-color=\"\" data-bg-opacity=\"1\" data-animation=\"\" data-delay=\"0\" >\n\t\t<div class=\"vc_column-inner\" >\n\t\t\t<div class=\"wpb_wrapper\">\n\t\t\t\t\n\t\t\t<\/div> \n\t\t<\/div>\n\t<\/div> \n\n\t<div  class=\"vc_col-sm-10 wpb_column column_container vc_column_container col centered-text no-extra-padding inherit_tablet inherit_phone\"  data-padding-pos=\"all\" data-has-bg-color=\"false\" data-bg-color=\"\" data-bg-opacity=\"1\" data-animation=\"\" data-delay=\"0\" >\n\t\t<div class=\"vc_column-inner\" >\n\t\t\t<div class=\"wpb_wrapper\">\n\t\t\t\t<div class=\"nectar-split-heading\" data-align=\"default\" data-m-align=\"inherit\" data-text-effect=\"default\" data-animation-type=\"default\" data-animation-delay=\"0\" data-animation-offset=\"\" data-m-rm-animation=\"\" data-stagger=\"\" data-custom-font-size=\"false\" ><div class=\"heading-line\" > <div><h1 class=\"title_block\">Quelques uns de nos partenaires<\/h1> <\/div> <\/div><\/div>\t\n\t\t\n\t<div class=\"clients no-carousel four-cols\" data-he=\"greyscale_to_color\" data-additional_padding=\"4\">\n\t\t\t<div class=\"no-link\">\n\t\t<img loading=\"lazy\" decoding=\"async\" src=\"https:\/\/albumexpress.net\/wp-content\/uploads\/2018\/05\/tetenal.png\" alt=\"client\" width=\"170\" height=\"21\" \/>\t<\/div>\n\t<div class=\"no-link\">\n\t\t<img loading=\"lazy\" decoding=\"async\" src=\"https:\/\/albumexpress.net\/wp-content\/uploads\/2018\/05\/sarlo_chisiamo.png\" alt=\"client\" width=\"170\" height=\"51\" \/>\t<\/div>\n\t<div class=\"no-link\">\n\t\t<img loading=\"lazy\" decoding=\"async\" src=\"https:\/\/albumexpress.net\/wp-content\/uploads\/2018\/05\/Polaroid.png\" alt=\"client\" width=\"170\" height=\"33\" \/>\t<\/div>\n\t<div class=\"no-link\">\n\t\t<img loading=\"lazy\" decoding=\"async\" src=\"https:\/\/albumexpress.net\/wp-content\/uploads\/2018\/05\/nobili.png\" alt=\"client\" width=\"170\" height=\"81\" \/>\t<\/div>\n\t<div class=\"no-link\">\n\t\t<img loading=\"lazy\" decoding=\"async\" src=\"https:\/\/albumexpress.net\/wp-content\/uploads\/2018\/05\/msc.png\" alt=\"client\" width=\"170\" height=\"61\" \/>\t<\/div>\n\t<div class=\"no-link\">\n\t\t<img loading=\"lazy\" decoding=\"async\" src=\"https:\/\/albumexpress.net\/wp-content\/uploads\/2018\/05\/Mitsubishi.png\" alt=\"client\" width=\"170\" height=\"50\" \/>\t<\/div>\n\t<div class=\"no-link\">\n\t\t<img loading=\"lazy\" decoding=\"async\" src=\"https:\/\/albumexpress.net\/wp-content\/uploads\/2018\/05\/LOGO.png\" alt=\"client\" width=\"170\" height=\"56\" \/>\t<\/div>\n\t<div class=\"no-link\">\n\t\t<img loading=\"lazy\" decoding=\"async\" src=\"https:\/\/albumexpress.net\/wp-content\/uploads\/2018\/05\/KoyLab.png\" alt=\"client\" width=\"170\" height=\"39\" \/>\t<\/div>\n\t<div class=\"no-link\">\n\t\t<img loading=\"lazy\" decoding=\"async\" src=\"https:\/\/albumexpress.net\/wp-content\/uploads\/2018\/05\/Icona_Farbefoto.png\" alt=\"client\" width=\"158\" height=\"31\" \/>\t<\/div>\n\t<div class=\"no-link\">\n\t\t<img loading=\"lazy\" decoding=\"async\" src=\"https:\/\/albumexpress.net\/wp-content\/uploads\/2018\/05\/Fujifilm.png\" alt=\"client\" width=\"170\" height=\"26\" \/>\t<\/div>\n\t<div class=\"no-link\">\n\t\t<img loading=\"lazy\" decoding=\"async\" src=\"https:\/\/albumexpress.net\/wp-content\/uploads\/2018\/05\/bh_logo_square.png\" alt=\"client\" width=\"153\" height=\"105\" \/>\t<\/div>\n\t<div class=\"no-link\">\n\t\t<img loading=\"lazy\" decoding=\"async\" src=\"https:\/\/albumexpress.net\/wp-content\/uploads\/2018\/05\/AYN_logo_ok.png\" alt=\"client\" width=\"170\" height=\"26\" \/>\t<\/div>\n\t<div class=\"no-link\">\n\t\t<img loading=\"lazy\" decoding=\"async\" src=\"https:\/\/albumexpress.net\/wp-content\/uploads\/2018\/05\/asticolor-logo.png\" alt=\"client\" width=\"170\" height=\"34\" \/>\t<\/div>\n\t<div class=\"no-link\">\n\t\t<img loading=\"lazy\" decoding=\"async\" src=\"https:\/\/albumexpress.net\/wp-content\/uploads\/2018\/05\/adorama-logo.png\" alt=\"client\" width=\"170\" height=\"40\" \/>\t<\/div>\n\t<div class=\"no-link\">\n\t\t<img loading=\"lazy\" decoding=\"async\" src=\"https:\/\/albumexpress.net\/wp-content\/uploads\/2021\/06\/AURORAbookDefinitivo-1.jpg\" alt=\"client\" width=\"256\" height=\"78\" \/>\t<\/div>\n\t<div class=\"no-link\">\n\t\t<img loading=\"lazy\" decoding=\"async\" src=\"https:\/\/albumexpress.net\/wp-content\/uploads\/2018\/05\/PAFE_Logo.png\" alt=\"client\" width=\"170\" height=\"83\" \/>\t<\/div>\n\t<\/div>\n\t\n\n<div class=\"wpb_text_column wpb_content_element\" >\n\t<div class=\"wpb_wrapper\">\n\t\t<h3 class=\"text-center\" style=\"text-align: center;\">NOUVELLES OPPORTUNIT\u00c9S POUR LES PHOTOS LABS AVEC NOTRE SOLUTION LOGICIELLE.<\/h3>\n<p class=\"text-center space-tp-20\" style=\"text-align: center;\">Album Express Lab - Desktop Designer - a \u00e9t\u00e9 d\u00e9velopp\u00e9 dans l\u2019id\u00e9e de r\u00e9unir le laboratoire photo professionnel et le photographe professionnel.<\/p>\n\t<\/div>\n<\/div>\n\n\n\n<a class=\"nectar-button large regular accent-color has-icon  regular-button\"  role=\"button\" style=\"margin-top: 40px; \" target=\"_blank\" href=\"https:\/\/www.spc-international.com\/store\/80-lab-software\" data-color-override=\"false\" data-hover-color-override=\"false\" data-hover-text-color-override=\"#fff\"><span>Apprendre encore plus<\/span><i  class=\"icon-button-arrow\"><\/i><\/a><div id=\"fws_69dca5528e6b2\" data-midnight=\"\" data-column-margin=\"default\" class=\"wpb_row vc_row-fluid vc_row inner_row\"  style=\"padding-top: 5%; padding-bottom: 5%; \"><div class=\"row-bg-wrap\"> <div class=\"row-bg\" ><\/div> <\/div><div class=\"row_col_wrap_12_inner col span_12  left\">\n\t<div  class=\"vc_col-sm-6 wpb_column column_container vc_column_container col child_column no-extra-padding inherit_tablet inherit_phone\"   data-padding-pos=\"all\" data-has-bg-color=\"false\" data-bg-color=\"\" data-bg-opacity=\"1\" data-animation=\"\" data-delay=\"0\" >\n\t\t<div class=\"vc_column-inner\" >\n\t\t<div class=\"wpb_wrapper\">\n\t\t\t<div class=\"img-with-aniamtion-wrap\" data-max-width=\"100%\" data-max-width-mobile=\"default\" data-shadow=\"large_depth\" data-animation=\"grow-in\" >\n      <div class=\"inner\">\n        <div class=\"hover-wrap\"> \n          <div class=\"hover-wrap-inner\">\n            <img loading=\"lazy\" decoding=\"async\" class=\"img-with-animation skip-lazy\" data-delay=\"0\" height=\"1553\" width=\"2560\" data-animation=\"grow-in\" src=\"https:\/\/albumexpress.net\/wp-content\/uploads\/2018\/05\/dreamstime_l_33709518-photos-flying-to-photobook-1-1-scaled.jpg\" alt=\"\" srcset=\"https:\/\/albumexpress.net\/wp-content\/uploads\/2018\/05\/dreamstime_l_33709518-photos-flying-to-photobook-1-1-scaled.jpg 2560w, https:\/\/albumexpress.net\/wp-content\/uploads\/2018\/05\/dreamstime_l_33709518-photos-flying-to-photobook-1-1-600x364.jpg 600w, https:\/\/albumexpress.net\/wp-content\/uploads\/2018\/05\/dreamstime_l_33709518-photos-flying-to-photobook-1-1-300x182.jpg 300w, https:\/\/albumexpress.net\/wp-content\/uploads\/2018\/05\/dreamstime_l_33709518-photos-flying-to-photobook-1-1-768x466.jpg 768w, https:\/\/albumexpress.net\/wp-content\/uploads\/2018\/05\/dreamstime_l_33709518-photos-flying-to-photobook-1-1-1024x621.jpg 1024w\" sizes=\"auto, (max-width: 2560px) 100vw, 2560px\" \/>\n          <\/div>\n        <\/div>\n      <\/div>\n    <\/div>\n\t\t<\/div> \n\t<\/div>\n\t<\/div> \n\n\t<div  class=\"vc_col-sm-1 wpb_column column_container vc_column_container col child_column no-extra-padding inherit_tablet inherit_phone\"   data-padding-pos=\"all\" data-has-bg-color=\"false\" data-bg-color=\"\" data-bg-opacity=\"1\" data-animation=\"\" data-delay=\"0\" >\n\t\t<div class=\"vc_column-inner\" >\n\t\t<div class=\"wpb_wrapper\">\n\t\t\t\n\t\t<\/div> \n\t<\/div>\n\t<\/div> \n\n\t<div  class=\"vc_col-sm-5 wpb_column column_container vc_column_container col child_column no-extra-padding inherit_tablet inherit_phone\"   data-padding-pos=\"all\" data-has-bg-color=\"false\" data-bg-color=\"\" data-bg-opacity=\"1\" data-animation=\"\" data-delay=\"0\" >\n\t\t<div class=\"vc_column-inner\" >\n\t\t<div class=\"wpb_wrapper\">\n\t\t\t<h2 style=\"color: rgba(0,0,0,0.75);text-align: left\" class=\"vc_custom_heading\" >Solution Photo LAB<\/h2><h3 style=\"color: rgba(0,0,0,0.75);text-align: left\" class=\"vc_custom_heading\" >Album Express personnalis\u00e9<\/h3><h4 style=\"color: rgba(10,10,10,0.9);text-align: left\" class=\"vc_custom_heading\" >Vous pouvez disposer de votre propre solution de commande d\u2019imprim\u00e9s pouvant \u00eatre diffus\u00e9e avec la conception de logiciels libres entre vos concepteurs et vos clients. Nous sommes l\u00e0 pour vous aider. Notre album Express Lab est une solution de commande avec personnalisation au niveau de base.<\/h4>\n\t\t<\/div> \n\t<\/div>\n\t<\/div> \n<\/div><\/div><div id=\"fws_69dca552905e5\" data-midnight=\"\" data-column-margin=\"default\" class=\"wpb_row vc_row-fluid vc_row inner_row\"  style=\"\"><div class=\"row-bg-wrap\"> <div class=\"row-bg\" ><\/div> <\/div><div class=\"row_col_wrap_12_inner col span_12  left\">\n\t<div  class=\"vc_col-sm-12 wpb_column column_container vc_column_container col child_column no-extra-padding inherit_tablet inherit_phone\"   data-padding-pos=\"all\" data-has-bg-color=\"false\" data-bg-color=\"\" data-bg-opacity=\"1\" data-animation=\"\" data-delay=\"0\" >\n\t\t<div class=\"vc_column-inner\" >\n\t\t<div class=\"wpb_wrapper\">\n\t\t\t<a class=\"nectar-button large regular accent-color has-icon  regular-button\"  role=\"button\" style=\"margin-top: 40px; \"  href=\"https:\/\/albumexpress.net\/fr\/contact\/\" data-color-override=\"false\" data-hover-color-override=\"false\" data-hover-text-color-override=\"#fff\"><span>Contactez-nous<\/span><i  class=\"icon-button-arrow\"><\/i><\/a>\n\t\t<\/div> \n\t<\/div>\n\t<\/div> \n<\/div><\/div>\n\t\t\t<\/div> \n\t\t<\/div>\n\t<\/div> \n\n\t<div  class=\"vc_col-sm-1 wpb_column column_container vc_column_container col no-extra-padding inherit_tablet inherit_phone\"  data-padding-pos=\"all\" data-has-bg-color=\"false\" data-bg-color=\"\" data-bg-opacity=\"1\" data-animation=\"\" data-delay=\"0\" >\n\t\t<div class=\"vc_column-inner\" >\n\t\t\t<div class=\"wpb_wrapper\">\n\t\t\t\t\n\t\t\t<\/div> \n\t\t<\/div>\n\t<\/div> \n<\/div><\/div>","protected":false},"excerpt":{"rendered":"Some of our Partners NEW OPPORTUNITIES FOR PHOTO LABS WITH OUR SOFTWARE SOLUTION. Album Express Lab - desktop designer - was developed with the idea to bring together the Professional...","protected":false},"author":2,"featured_media":0,"parent":0,"menu_order":0,"comment_status":"closed","ping_status":"open","template":"","meta":{"footnotes":""},"class_list":["post-7273","page","type-page","status-publish"],"yoast_head":"<!-- This site is optimized with the Yoast SEO plugin v24.4 - https:\/\/yoast.com\/wordpress\/plugins\/seo\/ -->\n<title>Direct ordering partners in Album Express Design Software<\/title>\n<meta name=\"description\" content=\"Album Express Software and In Person Sales Software. The Fastest and Easiest professional album design software and the most profitable studio sales software all in one suite.\" \/>\n<meta name=\"robots\" content=\"index, follow, max-snippet:-1, max-image-preview:large, max-video-preview:-1\" \/>\n<link rel=\"canonical\" href=\"https:\/\/albumexpress.net\/fr\/design-software\/\" \/>\n<meta property=\"og:locale\" content=\"fr_FR\" \/>\n<meta property=\"og:type\" content=\"article\" \/>\n<meta property=\"og:title\" content=\"Direct ordering partners in Album Express Design Software\" \/>\n<meta property=\"og:description\" content=\"Album Express Software and In Person Sales Software. The Fastest and Easiest professional album design software and the most profitable studio sales software all in one suite.\" \/>\n<meta property=\"og:url\" content=\"https:\/\/albumexpress.net\/fr\/design-software\/\" \/>\n<meta property=\"og:site_name\" content=\"Album Express\" \/>\n<meta property=\"article:publisher\" content=\"https:\/\/www.facebook.com\/AlbumExpress\/\" \/>\n<meta property=\"article:modified_time\" content=\"2021-06-09T10:51:49+00:00\" \/>\n<meta name=\"twitter:card\" content=\"summary_large_image\" \/>\n<meta name=\"twitter:site\" content=\"@spc_software\" \/>\n<meta name=\"twitter:label1\" content=\"Dur\u00e9e de lecture estim\u00e9e\" \/>\n\t<meta name=\"twitter:data1\" content=\"6 minutes\" \/>\n<script type=\"application\/ld+json\" class=\"yoast-schema-graph\">{\"@context\":\"https:\/\/schema.org\",\"@graph\":[{\"@type\":\"WebPage\",\"@id\":\"https:\/\/albumexpress.net\/design-software\/\",\"url\":\"https:\/\/albumexpress.net\/design-software\/\",\"name\":\"Direct ordering partners in Album Express Design Software\",\"isPartOf\":{\"@id\":\"https:\/\/albumexpress.net\/#website\"},\"datePublished\":\"2018-05-09T16:10:01+00:00\",\"dateModified\":\"2021-06-09T10:51:49+00:00\",\"description\":\"Album Express Software and In Person Sales Software. The Fastest and Easiest professional album design software and the most profitable studio sales software all in one suite.\",\"breadcrumb\":{\"@id\":\"https:\/\/albumexpress.net\/design-software\/#breadcrumb\"},\"inLanguage\":\"fr-FR\",\"potentialAction\":[{\"@type\":\"ReadAction\",\"target\":[\"https:\/\/albumexpress.net\/design-software\/\"]}]},{\"@type\":\"BreadcrumbList\",\"@id\":\"https:\/\/albumexpress.net\/design-software\/#breadcrumb\",\"itemListElement\":[{\"@type\":\"ListItem\",\"position\":1,\"name\":\"Home\",\"item\":\"https:\/\/albumexpress.net\/\"},{\"@type\":\"ListItem\",\"position\":2,\"name\":\"Partners\"}]},{\"@type\":\"WebSite\",\"@id\":\"https:\/\/albumexpress.net\/#website\",\"url\":\"https:\/\/albumexpress.net\/\",\"name\":\"Album Expresss: Album Design Software for Photographers\",\"description\":\"Album Design Software for Professional Wedding and Portrait Photographers | Try Now - No Credit Card Required\",\"publisher\":{\"@id\":\"https:\/\/albumexpress.net\/#organization\"},\"potentialAction\":[{\"@type\":\"SearchAction\",\"target\":{\"@type\":\"EntryPoint\",\"urlTemplate\":\"https:\/\/albumexpress.net\/?s={search_term_string}\"},\"query-input\":{\"@type\":\"PropertyValueSpecification\",\"valueRequired\":true,\"valueName\":\"search_term_string\"}}],\"inLanguage\":\"fr-FR\"},{\"@type\":\"Organization\",\"@id\":\"https:\/\/albumexpress.net\/#organization\",\"name\":\"Album Express\",\"url\":\"https:\/\/albumexpress.net\/\",\"logo\":{\"@type\":\"ImageObject\",\"inLanguage\":\"fr-FR\",\"@id\":\"https:\/\/albumexpress.net\/#\/schema\/logo\/image\/\",\"url\":\"https:\/\/albumexpress.net\/wp-content\/uploads\/2018\/05\/Album-Express-8-Mac-Box.png\",\"contentUrl\":\"https:\/\/albumexpress.net\/wp-content\/uploads\/2018\/05\/Album-Express-8-Mac-Box.png\",\"width\":1520,\"height\":1520,\"caption\":\"Album Express\"},\"image\":{\"@id\":\"https:\/\/albumexpress.net\/#\/schema\/logo\/image\/\"},\"sameAs\":[\"https:\/\/www.facebook.com\/AlbumExpress\/\",\"https:\/\/x.com\/spc_software\",\"https:\/\/www.instagram.com\/spc_international\/\",\"https:\/\/www.linkedin.com\/in\/spc-international-63b24238\/\",\"https:\/\/it.pinterest.com\/spcinternational\/\",\"https:\/\/www.youtube.com\/user\/AlbumExpress\"]}]}<\/script>\n<!-- \/ Yoast SEO plugin. -->","yoast_head_json":{"title":"Direct ordering partners in Album Express Design Software","description":"Album Express Software and In Person Sales Software. The Fastest and Easiest professional album design software and the most profitable studio sales software all in one suite.","robots":{"index":"index","follow":"follow","max-snippet":"max-snippet:-1","max-image-preview":"max-image-preview:large","max-video-preview":"max-video-preview:-1"},"canonical":"https:\/\/albumexpress.net\/fr\/design-software\/","og_locale":"fr_FR","og_type":"article","og_title":"Direct ordering partners in Album Express Design Software","og_description":"Album Express Software and In Person Sales Software. The Fastest and Easiest professional album design software and the most profitable studio sales software all in one suite.","og_url":"https:\/\/albumexpress.net\/fr\/design-software\/","og_site_name":"Album Express","article_publisher":"https:\/\/www.facebook.com\/AlbumExpress\/","article_modified_time":"2021-06-09T10:51:49+00:00","twitter_card":"summary_large_image","twitter_site":"@spc_software","twitter_misc":{"Dur\u00e9e de lecture estim\u00e9e":"6 minutes"},"schema":{"@context":"https:\/\/schema.org","@graph":[{"@type":"WebPage","@id":"https:\/\/albumexpress.net\/design-software\/","url":"https:\/\/albumexpress.net\/design-software\/","name":"Direct ordering partners in Album Express Design Software","isPartOf":{"@id":"https:\/\/albumexpress.net\/#website"},"datePublished":"2018-05-09T16:10:01+00:00","dateModified":"2021-06-09T10:51:49+00:00","description":"Album Express Software and In Person Sales Software. The Fastest and Easiest professional album design software and the most profitable studio sales software all in one suite.","breadcrumb":{"@id":"https:\/\/albumexpress.net\/design-software\/#breadcrumb"},"inLanguage":"fr-FR","potentialAction":[{"@type":"ReadAction","target":["https:\/\/albumexpress.net\/design-software\/"]}]},{"@type":"BreadcrumbList","@id":"https:\/\/albumexpress.net\/design-software\/#breadcrumb","itemListElement":[{"@type":"ListItem","position":1,"name":"Home","item":"https:\/\/albumexpress.net\/"},{"@type":"ListItem","position":2,"name":"Partners"}]},{"@type":"WebSite","@id":"https:\/\/albumexpress.net\/#website","url":"https:\/\/albumexpress.net\/","name":"Album Expresss: Album Design Software for Photographers","description":"Album Design Software for Professional Wedding and Portrait Photographers | Try Now - No Credit Card Required","publisher":{"@id":"https:\/\/albumexpress.net\/#organization"},"potentialAction":[{"@type":"SearchAction","target":{"@type":"EntryPoint","urlTemplate":"https:\/\/albumexpress.net\/?s={search_term_string}"},"query-input":{"@type":"PropertyValueSpecification","valueRequired":true,"valueName":"search_term_string"}}],"inLanguage":"fr-FR"},{"@type":"Organization","@id":"https:\/\/albumexpress.net\/#organization","name":"Album Express","url":"https:\/\/albumexpress.net\/","logo":{"@type":"ImageObject","inLanguage":"fr-FR","@id":"https:\/\/albumexpress.net\/#\/schema\/logo\/image\/","url":"https:\/\/albumexpress.net\/wp-content\/uploads\/2018\/05\/Album-Express-8-Mac-Box.png","contentUrl":"https:\/\/albumexpress.net\/wp-content\/uploads\/2018\/05\/Album-Express-8-Mac-Box.png","width":1520,"height":1520,"caption":"Album Express"},"image":{"@id":"https:\/\/albumexpress.net\/#\/schema\/logo\/image\/"},"sameAs":["https:\/\/www.facebook.com\/AlbumExpress\/","https:\/\/x.com\/spc_software","https:\/\/www.instagram.com\/spc_international\/","https:\/\/www.linkedin.com\/in\/spc-international-63b24238\/","https:\/\/it.pinterest.com\/spcinternational\/","https:\/\/www.youtube.com\/user\/AlbumExpress"]}]}},"_links":{"self":[{"href":"https:\/\/albumexpress.net\/fr\/wp-json\/wp\/v2\/pages\/7273","targetHints":{"allow":["GET"]}}],"collection":[{"href":"https:\/\/albumexpress.net\/fr\/wp-json\/wp\/v2\/pages"}],"about":[{"href":"https:\/\/albumexpress.net\/fr\/wp-json\/wp\/v2\/types\/page"}],"author":[{"embeddable":true,"href":"https:\/\/albumexpress.net\/fr\/wp-json\/wp\/v2\/users\/2"}],"replies":[{"embeddable":true,"href":"https:\/\/albumexpress.net\/fr\/wp-json\/wp\/v2\/comments?post=7273"}],"version-history":[{"count":34,"href":"https:\/\/albumexpress.net\/fr\/wp-json\/wp\/v2\/pages\/7273\/revisions"}],"predecessor-version":[{"id":11255,"href":"https:\/\/albumexpress.net\/fr\/wp-json\/wp\/v2\/pages\/7273\/revisions\/11255"}],"wp:attachment":[{"href":"https:\/\/albumexpress.net\/fr\/wp-json\/wp\/v2\/media?parent=7273"}],"curies":[{"name":"wp","href":"https:\/\/api.w.org\/{rel}","templated":true}]}}