{"id":6925,"date":"2018-05-04T17:11:53","date_gmt":"2018-05-04T17:11:53","guid":{"rendered":"https:\/\/albumexpress.net\/?page_id=6925"},"modified":"2018-05-11T15:20:05","modified_gmt":"2018-05-11T15:20:05","slug":"terms-and-conditions-of-use","status":"publish","type":"page","link":"https:\/\/albumexpress.net\/fr\/terms-and-conditions-of-use\/","title":{"rendered":"Termes et conditions d&#039;utilisation"},"content":{"rendered":"<div id=\"fws_69dca5528e882\"  data-column-margin=\"default\" data-midnight=\"light\" data-top-percent=\"14%\" data-bottom-percent=\"12%\"  class=\"wpb_row vc_row-fluid vc_row full-width-section parallax_section\"  style=\"padding-top: calc(100vw * 0.14); padding-bottom: calc(100vw * 0.12); \"><div class=\"row-bg-wrap\" data-bg-animation=\"none\" data-bg-animation-delay=\"\" data-bg-overlay=\"true\"><div class=\"inner-wrap row-bg-layer using-image\" ><div class=\"row-bg viewport-desktop using-image using-bg-color\" data-parallax-speed=\"fast\" style=\"background-image: url(https:\/\/albumexpress.net\/wp-content\/uploads\/2018\/05\/contact-background.jpg); background-position: center center; background-repeat: no-repeat; background-color: #ffffff; \"><\/div><\/div><div class=\"row-bg-overlay row-bg-layer\" style=\"background: #0a0000; background: linear-gradient(90deg,#0a0000 0%,rgba(10,10,10,0.5) 100%);  opacity: 0.5; \"><\/div><\/div><div class=\"row_col_wrap_12 col span_12 light left\">\n\t<div  class=\"vc_col-sm-12 wpb_column column_container vc_column_container col no-extra-padding\"  data-padding-pos=\"all\" data-has-bg-color=\"false\" data-bg-color=\"\" data-bg-opacity=\"1\" data-animation=\"\" data-delay=\"0\" >\n\t\t<div class=\"vc_column-inner\" >\n\t\t\t<div class=\"wpb_wrapper\">\n\t\t\t\t<div id=\"fws_69dca5528f26d\" data-midnight=\"\" data-column-margin=\"default\" class=\"wpb_row vc_row-fluid vc_row inner_row vc_row-o-equal-height vc_row-flex vc_row-o-content-middle\"  style=\"\"><div class=\"row-bg-wrap\"> <div class=\"row-bg\" ><\/div> <\/div><div class=\"row_col_wrap_12_inner col span_12  left\">\n\t<div  class=\"vc_col-sm-6 vc_col-lg-6 vc_col-md-6 vc_col-xs-12 wpb_column column_container vc_column_container col child_column has-animation no-extra-padding\"   data-padding-pos=\"all\" data-has-bg-color=\"false\" data-bg-color=\"\" data-bg-opacity=\"1\" data-animation=\"fade-in\" data-delay=\"0\" >\n\t\t<div class=\"vc_column-inner\" >\n\t\t<div class=\"wpb_wrapper\">\n\t\t\t<div class=\"nectar-split-heading\" data-align=\"default\" data-m-align=\"inherit\" data-text-effect=\"default\" data-animation-type=\"default\" data-animation-delay=\"0\" data-animation-offset=\"\" data-m-rm-animation=\"\" data-stagger=\"\" data-custom-font-size=\"false\" ><div class=\"heading-line\" > <div><h1>Termes et<\/h1> <\/div> <\/div><div class=\"heading-line\" > <div><h1>conditions d&#039;utilisation<\/h1> <\/div> <\/div><\/div>\n\t\t<\/div> \n\t<\/div>\n\t<\/div> \n\n\t<div  class=\"vc_col-sm-3 vc_hidden-sm vc_hidden-xs wpb_column column_container vc_column_container col child_column no-extra-padding\"   data-padding-pos=\"all\" data-has-bg-color=\"false\" data-bg-color=\"\" data-bg-opacity=\"1\" data-animation=\"\" data-delay=\"0\" >\n\t\t<div class=\"vc_column-inner\" >\n\t\t<div class=\"wpb_wrapper\">\n\t\t\t\n\t\t<\/div> \n\t<\/div>\n\t<\/div> \n\n\t<div  class=\"vc_col-sm-3 vc_col-xs-12 wpb_column column_container vc_column_container col child_column has-animation padding-6-percent\"   data-padding-pos=\"bottom\" data-has-bg-color=\"false\" data-bg-color=\"\" data-bg-opacity=\"1\" data-animation=\"fade-in-from-bottom\" data-delay=\"0\" >\n\t\t<div class=\"vc_column-inner\" >\n\t\t<div class=\"wpb_wrapper\">\n\t\t\t\n\t\t<\/div> \n\t<\/div>\n\t<\/div> \n<\/div><\/div>\n\t\t\t<\/div> \n\t\t<\/div>\n\t<\/div> \n<\/div><\/div>\n\t\t<div id=\"fws_69dca5528fca4\"  data-column-margin=\"default\" data-midnight=\"dark\" data-top-percent=\"5%\" data-bottom-percent=\"5%\"  class=\"wpb_row vc_row-fluid vc_row\"  style=\"padding-top: calc(100vw * 0.05); padding-bottom: calc(100vw * 0.05); \"><div class=\"row-bg-wrap\" data-bg-animation=\"none\" data-bg-animation-delay=\"\" data-bg-overlay=\"false\"><div class=\"inner-wrap row-bg-layer\" ><div class=\"row-bg viewport-desktop\"  style=\"\"><\/div><\/div><\/div><div class=\"row_col_wrap_12 col span_12 dark left\">\n\t<div  class=\"vc_col-sm-12 wpb_column column_container vc_column_container col no-extra-padding\"  data-padding-pos=\"all\" data-has-bg-color=\"false\" data-bg-color=\"\" data-bg-opacity=\"1\" data-animation=\"\" data-delay=\"0\" >\n\t\t<div class=\"vc_column-inner\" >\n\t\t\t<div class=\"wpb_wrapper\">\n\t\t\t\t<h1 style=\"font-size: 20px;color: #494949;line-height: 2;text-align: center;font-family:Quicksand;font-weight:400;font-style:normal\" class=\"vc_custom_heading\" >Termes et Conditions International SPC srl<\/p>\n<p>Les termes et conditions suivants (termes et conditions) r\u00e9gissent votre utilisation de ce site Web et de tout contenu mis \u00e0 disposition depuis ou via les sites Web suivants d&#039;International SPC srl, y compris, mais sans s&#039;y limiter:<\/p>\n<p>Nom du site: www.albumexpress.net<\/p>\n<p>Les sites sont la propri\u00e9t\u00e9 de et exploit\u00e9s par International SPC srl. (International SPC srl ou nous ou nous).<br \/>\nVotre utilisation et votre acc\u00e8s aux Sites indiquent votre acceptation de ces Termes et Conditions.<\/p>\n<p>1. Adh\u00e9sion<br \/>\nVous n&#039;avez pas besoin d&#039;\u00eatre membre des Sites pour acc\u00e9der aux Sites ou utiliser le contenu ou les services. Toutefois, l&#039;acc\u00e8s \u00e0 certaines zones des sites et \u00e0 certains contenus et services peut \u00e9galement \u00eatre limit\u00e9 aux membres.<br \/>\nEn devenant membre, vous devrez signer un contrat d&#039;adh\u00e9sion distinct.<\/p>\n<p>2. Droits de propri\u00e9t\u00e9<br \/>\nVotre utilisation des Sites ne vous conf\u00e8re aucun droit de propri\u00e9t\u00e9 ou d\u2019int\u00e9r\u00eat sur un contenu, un code, des donn\u00e9es ou des \u00e9l\u00e9ments auxquels vous pouvez acc\u00e9der sur ou via les Sites, ni aucun droit de propri\u00e9t\u00e9 intellectuelle subsistant sur tout contenu, code, donn\u00e9es ou \u00e9l\u00e9ments auxquels vous pouvez acc\u00e9der. \u00e0 travers les sites.<br \/>\nVous pouvez t\u00e9l\u00e9charger une copie unique de tout contenu figurant sur les Sites, uniquement pour votre usage personnel et non commercial, conform\u00e9ment aux pr\u00e9sentes conditions d&#039;utilisation, \u00e0 condition que vous conserviez les droits d&#039;auteur et les autres avis contenus dans ce contenu. Ceci exclut les produits disponibles \u00e0 la vente \/ sous licence sur les Sites.<br \/>\nVotre utilisation des Sites ne vous conf\u00e8re aucun droit de propri\u00e9t\u00e9 ou d\u2019int\u00e9r\u00eat sur un contenu, un code, des donn\u00e9es ou des \u00e9l\u00e9ments auxquels vous pouvez acc\u00e9der sur ou via les Sites, ni aucun droit de propri\u00e9t\u00e9 intellectuelle subsistant sur tout contenu, code, donn\u00e9es ou \u00e9l\u00e9ments auxquels vous pouvez acc\u00e9der. \u00e0 travers les sites.<br \/>\nSi vous faites un autre usage des Sites, ou des Produits, du contenu, du code, des donn\u00e9es ou des \u00e9l\u00e9ments sur les Sites ou disponibles via les Sites, sauf disposition contraire ci-dessus, vous enfreignez le droit d&#039;auteur et les autres lois en vigueur en Italie et dans d&#039;autres pays. conform\u00e9ment aux lois en vigueur dans l\u2019\u00c9tat et peuvent \u00eatre tenus responsables de cette utilisation non autoris\u00e9e.<\/p>\n<p>3. Agent de droit d&#039;auteur<br \/>\nNous respectons les droits de propri\u00e9t\u00e9 intellectuelle d&#039;autrui et exigeons que les personnes qui utilisent les Sites, ou les services ou fonctionnalit\u00e9s mis \u00e0 disposition sur ou via les Sites, fassent de m\u00eame.<br \/>\nSi vous pensez que votre travail a \u00e9t\u00e9 copi\u00e9 de mani\u00e8re \u00e0 constituer une violation du droit d&#039;auteur, veuillez transmettre les informations suivantes \u00e0 International SPC srl:<br \/>\nvotre adresse, votre num\u00e9ro de t\u00e9l\u00e9phone et votre adresse \u00e9lectronique;<br \/>\nune description de l&#039;endroit o\u00f9 se trouve le mat\u00e9riel en infraction pr\u00e9sum\u00e9;<br \/>\nune description de l&#039;\u0153uvre prot\u00e9g\u00e9e par le droit d&#039;auteur qui, selon vous, a \u00e9t\u00e9 viol\u00e9e; et<br \/>\nune d\u00e9claration de votre part, selon laquelle vous garantissez que les informations susmentionn\u00e9es figurant dans votre notification sont exactes et que vous \u00eates le titulaire des droits d&#039;auteur ou \u00eates autoris\u00e9 \u00e0 agir au nom de ces titulaires.<\/p>\n<p>4. Marques de commerce<br \/>\nLes marques de commerce, logos, marques de service et noms commerciaux (collectivement les marques de commerce) affich\u00e9s sur les sites ou sur le contenu disponible par l&#039;interm\u00e9diaire des sites sont des marques de commerce enregistr\u00e9es et non d\u00e9pos\u00e9es d&#039;International SPC srl et autres.<br \/>\nAucune information figurant sur les sites ne doit \u00eatre interpr\u00e9t\u00e9e comme accordant express\u00e9ment ou implicitement une licence ou le droit d&#039;utiliser une marque d\u00e9pos\u00e9e affich\u00e9e sur les sites sans l&#039;autorisation \u00e9crite d&#039;International SPC srl ou du tiers d\u00e9tenteur de la marque applicable.<\/p>\n<p>5. Modifications des termes et conditions<br \/>\nInternational SPC srl peut, \u00e0 sa seule discr\u00e9tion, r\u00e9viser ou modifier les pr\u00e9sentes Conditions g\u00e9n\u00e9rales (en tout ou en partie) de temps \u00e0 autre et \u00e0 tout moment sans pr\u00e9avis.<br \/>\nLes modifications apport\u00e9es aux conditions g\u00e9n\u00e9rales entreront en vigueur lors de leur publication sur les sites.<br \/>\nVotre utilisation continue des sites et \/ ou des services mis \u00e0 disposition sur ou via les sites apr\u00e8s l&#039;affichage de toute modification des conditions d&#039;utilisation sera consid\u00e9r\u00e9e comme une acceptation de ces modifications.<\/p>\n<p>6. Informations utilisateur<br \/>\nLors de votre utilisation des Sites et \/ ou du contenu ou des services mis \u00e0 disposition sur ou via les Sites, il peut vous \u00eatre demand\u00e9 de nous fournir certaines informations personnalis\u00e9es (Informations utilisateur). Les politiques de collecte et d&#039;utilisation des informations d&#039;International SPC srl concernant la confidentialit\u00e9 de ces informations utilisateur sont d\u00e9finies dans la politique de confidentialit\u00e9 des sites.<br \/>\nVous \u00eates seul responsable de l&#039;exactitude et du contenu des informations utilisateur.<\/p>\n<p>7. Liens vers les sites<br \/>\nVous acceptez que, si vous incluez un lien de tout autre site Web vers les sites, ce lien doit renvoyer \u00e0 la version compl\u00e8te d&#039;une page HTML des sites au format HTML.<br \/>\nVous n&#039;\u00eates pas autoris\u00e9 \u00e0 cr\u00e9er un lien direct vers une image h\u00e9berg\u00e9e sur les Sites ou nos services, par exemple en utilisant une m\u00e9thode de liaison \u00aben ligne\u00bb pour que l&#039;image h\u00e9berg\u00e9e par nous soit affich\u00e9e sur un autre site Web.<br \/>\nVous acceptez de ne pas t\u00e9l\u00e9charger ni utiliser les images h\u00e9berg\u00e9es sur les Sites sur un autre site Web, \u00e0 quelque fin que ce soit, y compris, sans limitation, la publication de telles images sur un autre site Web.<br \/>\nVous acceptez de ne pas cr\u00e9er de lien vers les sites de tout autre site Web de telle mani\u00e8re que les sites ou toute page des sites soient \u00abencadr\u00e9s\u00bb, entour\u00e9s ou masqu\u00e9s par un contenu, des \u00e9l\u00e9ments ou une image de marque tiers.<br \/>\nNous nous r\u00e9servons le droit d&#039;insister pour que tout lien vers les sites soit interrompu et de r\u00e9voquer votre droit de cr\u00e9er un lien vers les sites \u00e0 partir de tout autre site Web \u00e0 tout moment, moyennant un avis \u00e9crit \u00e0 votre intention.<\/p>\n<p>8. Sites tiers.<br \/>\nVous pourrez peut-\u00eatre passer des sites \u00e0 des sites Web tiers (sites li\u00e9s).<br \/>\nVous reconnaissez et acceptez que nous n&#039;assumons aucune responsabilit\u00e9 pour les informations, contenus, produits, services, publicit\u00e9s, codes ou autres \u00e9l\u00e9ments pouvant \u00eatre fournis ou non par ou via des sites li\u00e9s, m\u00eame s&#039;ils appartiennent ou sont g\u00e9r\u00e9s par nos soci\u00e9t\u00e9s affili\u00e9es.<br \/>\nL&#039;inclusion d&#039;un lien vers de tels sites Web sur nos Sites n&#039;implique pas l&#039;approbation, le parrainage ou la recommandation d&#039;International SPC srl de ce site Web.<br \/>\nInternational SPC srl d\u00e9cline toute responsabilit\u00e9 quant aux liens menant \u00e0 un autre site Web.<\/p>\n<p>9. D\u00e9ni de responsabilit\u00e9<br \/>\nLa loi sur les pratiques commerciales et la l\u00e9gislation italienne similaire en vigueur dans les \u00c9tats et les territoires peuvent vous conf\u00e9rer des droits et des recours concernant la fourniture de biens ou de services sur les sites qui ne peuvent \u00eatre exclus, restreints ou modifi\u00e9s par International SPC srl (droits non exclus).<br \/>\nInternational SPC srl n&#039;exclut aucun droit non exclu, mais exclut toutes les autres conditions et garanties impliqu\u00e9es par la coutume, la loi ou les statuts.<br \/>\nSauf dans la mesure pr\u00e9vue par les droits non exclusifs:<br \/>\ntout le contenu et les services sur les Sites sont fournis \u00abtels quels\u00bb et sans garantie d&#039;aucune sorte, ni expresse ni implicite;<br \/>\nInternational SPC srl et ses fournisseurs d\u00e9clinent express\u00e9ment toutes garanties de quelque nature que ce soit, y compris, sans toutefois s&#039;y limiter, les garanties implicites de qualit\u00e9 marchande et d&#039;ad\u00e9quation \u00e0 un usage particulier;<br \/>\nInternational SPC srl ne garantit pas que les fonctions contenues dans tout contenu ou votre acc\u00e8s aux Sites seront ininterrompus ou sans erreur, que tout d\u00e9faut sera corrig\u00e9 ou que les Sites ou le serveur qui stocke et vous transmet le contenu sont exempts de virus ou tout autre composant nocif; et International SPC srl ne garantit ni ne fait aucune d\u00e9claration concernant votre acc\u00e8s aux, ou les r\u00e9sultats de votre acc\u00e8s aux Sites (y compris les sites Web li\u00e9s ou li\u00e9s) ou tout contenu en termes d\u2019exactitude, d\u2019exactitude, de rapidit\u00e9, d\u2019exhaustivit\u00e9, de fiabilit\u00e9 ou autrement.<br \/>\nEn aucun cas (y compris, mais sans s&#039;y limiter, un acte ou une omission de la part de International SPC srl), International SPC srl ou ses soci\u00e9t\u00e9s affili\u00e9es ne pourront \u00eatre tenus responsables des dommages indirects, fortuits, sp\u00e9ciaux et \/ ou cons\u00e9cutifs, ni de la perte de profits r\u00e9sultant de toute utilisation ou acc\u00e8s, ou toute incapacit\u00e9 \u00e0 utiliser ou \u00e0 acc\u00e9der aux Sites ou au contenu.<br \/>\nDans les limites autoris\u00e9es par la loi, la responsabilit\u00e9 d&#039;International SPC srl en cas de non-respect d&#039;une garantie implicite ou d&#039;une condition implicite non limit\u00e9e est limit\u00e9e, au choix de International SPC srl:<br \/>\ndans le cas de services fournis ou offerts par International SPC srl:<br \/>\nla fourniture des services \u00e0 nouveau;<br \/>\nle paiement du co\u00fbt de la fourniture de services \u00e0 nouveau; et<br \/>\ndans le cas de biens fournis ou offerts par nous:<br \/>\nle remplacement des biens ou la fourniture de biens \u00e9quivalents; ou<br \/>\nle paiement des frais de remplacement des biens ou d&#039;acquisition de biens \u00e9quivalents.<\/p>\n<p>10. Lois applicables<br \/>\nNous contr\u00f4lons et exploitons les Sites depuis nos bureaux en Italie conform\u00e9ment \u00e0 la l\u00e9gislation en vigueur en Italie. Nous ne d\u00e9clarons pas que le contenu des Sites est appropri\u00e9 ou disponible pour une utilisation dans d&#039;autres endroits. Les personnes qui choisissent d&#039;acc\u00e9der aux Sites depuis d&#039;autres emplacements le font de leur propre initiative et sont responsables du respect des lois locales, si et dans la mesure o\u00f9 les lois locales sont applicables.<\/h1>\n\t\t\t<\/div> \n\t\t<\/div>\n\t<\/div> \n<\/div><\/div>","protected":false},"excerpt":{"rendered":"Terms and conditions of use Terms and Conditions International SPC srl The following terms and conditions (Terms and Conditions) govern your use of this web site, and any content made...","protected":false},"author":2,"featured_media":0,"parent":0,"menu_order":0,"comment_status":"closed","ping_status":"open","template":"","meta":{"footnotes":""},"class_list":["post-6925","page","type-page","status-publish"],"yoast_head":"<!-- This site is optimized with the Yoast SEO plugin v24.4 - https:\/\/yoast.com\/wordpress\/plugins\/seo\/ -->\n<title>Album Express Software for Photographers - terms and conditions of use<\/title>\n<meta name=\"description\" content=\"Album Express Software for Professional Wedding and Portrait Photographers. The Fastest and Easiest professional album design software and the most profitable studio sales software all in one suite.\" \/>\n<meta name=\"robots\" content=\"index, follow, max-snippet:-1, max-image-preview:large, max-video-preview:-1\" \/>\n<link rel=\"canonical\" href=\"https:\/\/albumexpress.net\/fr\/terms-and-conditions-of-use\/\" \/>\n<meta property=\"og:locale\" content=\"fr_FR\" \/>\n<meta property=\"og:type\" content=\"article\" \/>\n<meta property=\"og:title\" content=\"Album Express Software for Photographers - terms and conditions of use\" \/>\n<meta property=\"og:description\" content=\"Album Express Software for Professional Wedding and Portrait Photographers. The Fastest and Easiest professional album design software and the most profitable studio sales software all in one suite.\" \/>\n<meta property=\"og:url\" content=\"https:\/\/albumexpress.net\/fr\/terms-and-conditions-of-use\/\" \/>\n<meta property=\"og:site_name\" content=\"Album Express\" \/>\n<meta property=\"article:publisher\" content=\"https:\/\/www.facebook.com\/AlbumExpress\/\" \/>\n<meta property=\"article:modified_time\" content=\"2018-05-11T15:20:05+00:00\" \/>\n<meta name=\"twitter:card\" content=\"summary_large_image\" \/>\n<meta name=\"twitter:site\" content=\"@spc_software\" \/>\n<meta name=\"twitter:label1\" content=\"Dur\u00e9e de lecture estim\u00e9e\" \/>\n\t<meta name=\"twitter:data1\" content=\"9 minutes\" \/>\n<script type=\"application\/ld+json\" class=\"yoast-schema-graph\">{\"@context\":\"https:\/\/schema.org\",\"@graph\":[{\"@type\":\"WebPage\",\"@id\":\"https:\/\/albumexpress.net\/terms-and-conditions-of-use\/\",\"url\":\"https:\/\/albumexpress.net\/terms-and-conditions-of-use\/\",\"name\":\"Album Express Software for Photographers - terms and conditions of use\",\"isPartOf\":{\"@id\":\"https:\/\/albumexpress.net\/#website\"},\"datePublished\":\"2018-05-04T17:11:53+00:00\",\"dateModified\":\"2018-05-11T15:20:05+00:00\",\"description\":\"Album Express Software for Professional Wedding and Portrait Photographers. The Fastest and Easiest professional album design software and the most profitable studio sales software all in one suite.\",\"breadcrumb\":{\"@id\":\"https:\/\/albumexpress.net\/terms-and-conditions-of-use\/#breadcrumb\"},\"inLanguage\":\"fr-FR\",\"potentialAction\":[{\"@type\":\"ReadAction\",\"target\":[\"https:\/\/albumexpress.net\/terms-and-conditions-of-use\/\"]}]},{\"@type\":\"BreadcrumbList\",\"@id\":\"https:\/\/albumexpress.net\/terms-and-conditions-of-use\/#breadcrumb\",\"itemListElement\":[{\"@type\":\"ListItem\",\"position\":1,\"name\":\"Home\",\"item\":\"https:\/\/albumexpress.net\/\"},{\"@type\":\"ListItem\",\"position\":2,\"name\":\"Terms and conditions of use\"}]},{\"@type\":\"WebSite\",\"@id\":\"https:\/\/albumexpress.net\/#website\",\"url\":\"https:\/\/albumexpress.net\/\",\"name\":\"Album Expresss: Album Design Software for Photographers\",\"description\":\"Album Design Software for Professional Wedding and Portrait Photographers | Try Now - No Credit Card Required\",\"publisher\":{\"@id\":\"https:\/\/albumexpress.net\/#organization\"},\"potentialAction\":[{\"@type\":\"SearchAction\",\"target\":{\"@type\":\"EntryPoint\",\"urlTemplate\":\"https:\/\/albumexpress.net\/?s={search_term_string}\"},\"query-input\":{\"@type\":\"PropertyValueSpecification\",\"valueRequired\":true,\"valueName\":\"search_term_string\"}}],\"inLanguage\":\"fr-FR\"},{\"@type\":\"Organization\",\"@id\":\"https:\/\/albumexpress.net\/#organization\",\"name\":\"Album Express\",\"url\":\"https:\/\/albumexpress.net\/\",\"logo\":{\"@type\":\"ImageObject\",\"inLanguage\":\"fr-FR\",\"@id\":\"https:\/\/albumexpress.net\/#\/schema\/logo\/image\/\",\"url\":\"https:\/\/albumexpress.net\/wp-content\/uploads\/2018\/05\/Album-Express-8-Mac-Box.png\",\"contentUrl\":\"https:\/\/albumexpress.net\/wp-content\/uploads\/2018\/05\/Album-Express-8-Mac-Box.png\",\"width\":1520,\"height\":1520,\"caption\":\"Album Express\"},\"image\":{\"@id\":\"https:\/\/albumexpress.net\/#\/schema\/logo\/image\/\"},\"sameAs\":[\"https:\/\/www.facebook.com\/AlbumExpress\/\",\"https:\/\/x.com\/spc_software\",\"https:\/\/www.instagram.com\/spc_international\/\",\"https:\/\/www.linkedin.com\/in\/spc-international-63b24238\/\",\"https:\/\/it.pinterest.com\/spcinternational\/\",\"https:\/\/www.youtube.com\/user\/AlbumExpress\"]}]}<\/script>\n<!-- \/ Yoast SEO plugin. -->","yoast_head_json":{"title":"Album Express Software for Photographers - terms and conditions of use","description":"Album Express Software for Professional Wedding and Portrait Photographers. The Fastest and Easiest professional album design software and the most profitable studio sales software all in one suite.","robots":{"index":"index","follow":"follow","max-snippet":"max-snippet:-1","max-image-preview":"max-image-preview:large","max-video-preview":"max-video-preview:-1"},"canonical":"https:\/\/albumexpress.net\/fr\/terms-and-conditions-of-use\/","og_locale":"fr_FR","og_type":"article","og_title":"Album Express Software for Photographers - terms and conditions of use","og_description":"Album Express Software for Professional Wedding and Portrait Photographers. The Fastest and Easiest professional album design software and the most profitable studio sales software all in one suite.","og_url":"https:\/\/albumexpress.net\/fr\/terms-and-conditions-of-use\/","og_site_name":"Album Express","article_publisher":"https:\/\/www.facebook.com\/AlbumExpress\/","article_modified_time":"2018-05-11T15:20:05+00:00","twitter_card":"summary_large_image","twitter_site":"@spc_software","twitter_misc":{"Dur\u00e9e de lecture estim\u00e9e":"9 minutes"},"schema":{"@context":"https:\/\/schema.org","@graph":[{"@type":"WebPage","@id":"https:\/\/albumexpress.net\/terms-and-conditions-of-use\/","url":"https:\/\/albumexpress.net\/terms-and-conditions-of-use\/","name":"Album Express Software for Photographers - terms and conditions of use","isPartOf":{"@id":"https:\/\/albumexpress.net\/#website"},"datePublished":"2018-05-04T17:11:53+00:00","dateModified":"2018-05-11T15:20:05+00:00","description":"Album Express Software for Professional Wedding and Portrait Photographers. The Fastest and Easiest professional album design software and the most profitable studio sales software all in one suite.","breadcrumb":{"@id":"https:\/\/albumexpress.net\/terms-and-conditions-of-use\/#breadcrumb"},"inLanguage":"fr-FR","potentialAction":[{"@type":"ReadAction","target":["https:\/\/albumexpress.net\/terms-and-conditions-of-use\/"]}]},{"@type":"BreadcrumbList","@id":"https:\/\/albumexpress.net\/terms-and-conditions-of-use\/#breadcrumb","itemListElement":[{"@type":"ListItem","position":1,"name":"Home","item":"https:\/\/albumexpress.net\/"},{"@type":"ListItem","position":2,"name":"Terms and conditions of use"}]},{"@type":"WebSite","@id":"https:\/\/albumexpress.net\/#website","url":"https:\/\/albumexpress.net\/","name":"Album Expresss: Album Design Software for Photographers","description":"Album Design Software for Professional Wedding and Portrait Photographers | Try Now - No Credit Card Required","publisher":{"@id":"https:\/\/albumexpress.net\/#organization"},"potentialAction":[{"@type":"SearchAction","target":{"@type":"EntryPoint","urlTemplate":"https:\/\/albumexpress.net\/?s={search_term_string}"},"query-input":{"@type":"PropertyValueSpecification","valueRequired":true,"valueName":"search_term_string"}}],"inLanguage":"fr-FR"},{"@type":"Organization","@id":"https:\/\/albumexpress.net\/#organization","name":"Album Express","url":"https:\/\/albumexpress.net\/","logo":{"@type":"ImageObject","inLanguage":"fr-FR","@id":"https:\/\/albumexpress.net\/#\/schema\/logo\/image\/","url":"https:\/\/albumexpress.net\/wp-content\/uploads\/2018\/05\/Album-Express-8-Mac-Box.png","contentUrl":"https:\/\/albumexpress.net\/wp-content\/uploads\/2018\/05\/Album-Express-8-Mac-Box.png","width":1520,"height":1520,"caption":"Album Express"},"image":{"@id":"https:\/\/albumexpress.net\/#\/schema\/logo\/image\/"},"sameAs":["https:\/\/www.facebook.com\/AlbumExpress\/","https:\/\/x.com\/spc_software","https:\/\/www.instagram.com\/spc_international\/","https:\/\/www.linkedin.com\/in\/spc-international-63b24238\/","https:\/\/it.pinterest.com\/spcinternational\/","https:\/\/www.youtube.com\/user\/AlbumExpress"]}]}},"_links":{"self":[{"href":"https:\/\/albumexpress.net\/fr\/wp-json\/wp\/v2\/pages\/6925","targetHints":{"allow":["GET"]}}],"collection":[{"href":"https:\/\/albumexpress.net\/fr\/wp-json\/wp\/v2\/pages"}],"about":[{"href":"https:\/\/albumexpress.net\/fr\/wp-json\/wp\/v2\/types\/page"}],"author":[{"embeddable":true,"href":"https:\/\/albumexpress.net\/fr\/wp-json\/wp\/v2\/users\/2"}],"replies":[{"embeddable":true,"href":"https:\/\/albumexpress.net\/fr\/wp-json\/wp\/v2\/comments?post=6925"}],"version-history":[{"count":6,"href":"https:\/\/albumexpress.net\/fr\/wp-json\/wp\/v2\/pages\/6925\/revisions"}],"predecessor-version":[{"id":7529,"href":"https:\/\/albumexpress.net\/fr\/wp-json\/wp\/v2\/pages\/6925\/revisions\/7529"}],"wp:attachment":[{"href":"https:\/\/albumexpress.net\/fr\/wp-json\/wp\/v2\/media?parent=6925"}],"curies":[{"name":"wp","href":"https:\/\/api.w.org\/{rel}","templated":true}]}}