{"id":6379,"date":"2014-12-16T09:15:43","date_gmt":"2014-12-16T09:15:43","guid":{"rendered":"http:\/\/localhost\/wordpress-3-8\/?page_id=2"},"modified":"2018-08-10T12:58:48","modified_gmt":"2018-08-10T12:58:48","slug":"privacy","status":"publish","type":"page","link":"https:\/\/albumexpress.net\/fr\/privacy\/","title":{"rendered":"Privacy"},"content":{"rendered":"<div id=\"culture\"  data-column-margin=\"default\" data-midnight=\"light\" data-top-percent=\"15%\" data-bottom-percent=\"15%\"  class=\"wpb_row vc_row-fluid vc_row full-width-section\"  style=\"padding-top: calc(100vw * 0.15); padding-bottom: calc(100vw * 0.15); \"><div class=\"row-bg-wrap\" data-bg-animation=\"none\" data-bg-animation-delay=\"\" data-bg-overlay=\"true\"><div class=\"inner-wrap row-bg-layer using-image\" ><div class=\"row-bg viewport-desktop using-image using-bg-color\"  style=\"background-image: url(https:\/\/albumexpress.net\/wp-content\/uploads\/2018\/05\/privacy.jpg); background-position: left top; background-repeat: no-repeat; background-color: #2b2b2b; \"><\/div><\/div><div class=\"row-bg-overlay row-bg-layer\" style=\"background-color:rgba(0,0,0,0.58);  opacity: 0.3; \"><\/div><\/div><div class=\"row_col_wrap_12 col span_12 light left\">\n\t<div  class=\"vc_col-sm-12 wpb_column column_container vc_column_container col no-extra-padding\"  data-padding-pos=\"all\" data-has-bg-color=\"false\" data-bg-color=\"\" data-bg-opacity=\"1\" data-animation=\"\" data-delay=\"0\" >\n\t\t<div class=\"vc_column-inner\" >\n\t\t\t<div class=\"wpb_wrapper\">\n\t\t\t\t<div class=\"nectar-split-heading\" data-align=\"default\" data-m-align=\"inherit\" data-text-effect=\"default\" data-animation-type=\"default\" data-animation-delay=\"0\" data-animation-offset=\"\" data-m-rm-animation=\"\" data-stagger=\"\" data-custom-font-size=\"false\" ><div class=\"heading-line\" > <div><h1>Politique de confidentialit\u00e9<\/h1> <\/div> <\/div><\/div>\n\t\t\t<\/div> \n\t\t<\/div>\n\t<\/div> \n<\/div><\/div>\n\t\t<div id=\"fws_69dca567cf838\"  data-column-margin=\"default\" data-midnight=\"dark\" data-top-percent=\"5%\" data-bottom-percent=\"5%\"  class=\"wpb_row vc_row-fluid vc_row full-width-content vc_row-o-equal-height vc_row-flex vc_row-o-content-top\"  style=\"padding-top: calc(100vw * 0.05); padding-bottom: calc(100vw * 0.05); \"><div class=\"row-bg-wrap\" data-bg-animation=\"none\" data-bg-animation-delay=\"\" data-bg-overlay=\"false\"><div class=\"inner-wrap row-bg-layer\" ><div class=\"row-bg viewport-desktop using-bg-color\"  style=\"background-color: #ffffff; \"><\/div><\/div><\/div><div class=\"row_col_wrap_12 col span_12 dark left\">\n\t<div  class=\"vc_col-sm-2 wpb_column column_container vc_column_container col no-extra-padding\"  data-padding-pos=\"all\" data-has-bg-color=\"false\" data-bg-color=\"\" data-bg-opacity=\"1\" data-animation=\"\" data-delay=\"0\" >\n\t\t<div class=\"vc_column-inner\" >\n\t\t\t<div class=\"wpb_wrapper\">\n\t\t\t\t\n\t\t\t<\/div> \n\t\t<\/div>\n\t<\/div> \n\n\t<div  class=\"vc_col-sm-8 wpb_column column_container vc_column_container col no-extra-padding\"  data-padding-pos=\"all\" data-has-bg-color=\"false\" data-bg-color=\"\" data-bg-opacity=\"1\" data-animation=\"\" data-delay=\"0\" >\n\t\t<div class=\"vc_column-inner\" >\n\t\t\t<div class=\"wpb_wrapper\">\n\t\t\t\t<h1 style=\"font-size: 18px;line-height: 2;text-align: center\" class=\"vc_custom_heading\" >Si vous vous inscrivez pour un compte d&#039;essai gratuit, votre nom et votre adresse \u00e9lectronique sont collect\u00e9s. Vous pouvez modifier ou supprimer vos informations en cliquant ici et en vous connectant. SPC peut utiliser votre adresse \u00e9lectronique lors de l&#039;envoi d&#039;informations et de promotions. Vous pouvez vous d\u00e9sabonner de ce service \u00e0 tout moment. SPC international ne partagera jamais votre nom ou votre adresse \u00e9lectronique avec des personnes ext\u00e9rieures \u00e0 SPC.<\/p>\n<p>Le site Web de la CPS utilise des cookies, des pixels de suivi et les technologies associ\u00e9es. Les cookies sont de petits fichiers de donn\u00e9es servis par notre plate-forme et stock\u00e9s sur votre appareil. Notre site utilise des cookies que nous ou des tiers avons abandonn\u00e9s \u00e0 diverses fins, notamment pour exploiter et personnaliser le site Web. Les cookies peuvent \u00e9galement \u00eatre utilis\u00e9s pour suivre votre utilisation du site afin de vous cibler des annonces sur d&#039;autres sites Web.<\/p>\n<p>Si vous souhaitez d\u00e9sactiver la technologie des cookies, vous pouvez le faire sur les sites Web suivants: le site de retrait DAA www.aboutads.info ou le site de retrait NAI \u00e0 networkadvertising.org\/choices, ou ceux d&#039;Europe. , le site de d\u00e9sabonnement EDAA sur youronlinechoices.eu.<\/h1>\n\t\t\t<\/div> \n\t\t<\/div>\n\t<\/div> \n\n\t<div  class=\"vc_col-sm-2 wpb_column column_container vc_column_container col no-extra-padding\"  data-padding-pos=\"all\" data-has-bg-color=\"false\" data-bg-color=\"\" data-bg-opacity=\"1\" data-animation=\"\" data-delay=\"0\" >\n\t\t<div class=\"vc_column-inner\" >\n\t\t\t<div class=\"wpb_wrapper\">\n\t\t\t\t\n\t\t\t<\/div> \n\t\t<\/div>\n\t<\/div> \n<\/div><\/div>","protected":false},"excerpt":{"rendered":"Privacy Policy If you sign up for a free trial account your name and email address is collected. You can modify or remove your information by clicking here and logging...","protected":false},"author":2,"featured_media":0,"parent":0,"menu_order":0,"comment_status":"open","ping_status":"open","template":"","meta":{"footnotes":""},"class_list":["post-6379","page","type-page","status-publish"],"yoast_head":"<!-- This site is optimized with the Yoast SEO plugin v24.4 - https:\/\/yoast.com\/wordpress\/plugins\/seo\/ -->\n<title>Album Express Software for Photographers - Privacy<\/title>\n<meta name=\"description\" content=\"Album Design Software for Professional Wedding and Portrait Photographers - Album Software and In Person Sales Software. The Fastest and Easiest professional album design software and the most profitable studio sales software all in one suite.\" \/>\n<meta name=\"robots\" content=\"index, follow, max-snippet:-1, max-image-preview:large, max-video-preview:-1\" \/>\n<link rel=\"canonical\" href=\"https:\/\/albumexpress.net\/fr\/privacy\/\" \/>\n<meta property=\"og:locale\" content=\"fr_FR\" \/>\n<meta property=\"og:type\" content=\"article\" \/>\n<meta property=\"og:title\" content=\"Album Express Software for Photographers - Privacy\" \/>\n<meta property=\"og:description\" content=\"Album Design Software for Professional Wedding and Portrait Photographers - Album Software and In Person Sales Software. The Fastest and Easiest professional album design software and the most profitable studio sales software all in one suite.\" \/>\n<meta property=\"og:url\" content=\"https:\/\/albumexpress.net\/fr\/privacy\/\" \/>\n<meta property=\"og:site_name\" content=\"Album Express\" \/>\n<meta property=\"article:publisher\" content=\"https:\/\/www.facebook.com\/AlbumExpress\/\" \/>\n<meta property=\"article:modified_time\" content=\"2018-08-10T12:58:48+00:00\" \/>\n<meta name=\"twitter:card\" content=\"summary_large_image\" \/>\n<meta name=\"twitter:site\" content=\"@spc_software\" \/>\n<meta name=\"twitter:label1\" content=\"Dur\u00e9e de lecture estim\u00e9e\" \/>\n\t<meta name=\"twitter:data1\" content=\"2 minutes\" \/>\n<script type=\"application\/ld+json\" class=\"yoast-schema-graph\">{\"@context\":\"https:\/\/schema.org\",\"@graph\":[{\"@type\":\"WebPage\",\"@id\":\"https:\/\/albumexpress.net\/privacy\/\",\"url\":\"https:\/\/albumexpress.net\/privacy\/\",\"name\":\"Album Express Software for Photographers - Privacy\",\"isPartOf\":{\"@id\":\"https:\/\/albumexpress.net\/#website\"},\"datePublished\":\"2014-12-16T09:15:43+00:00\",\"dateModified\":\"2018-08-10T12:58:48+00:00\",\"description\":\"Album Design Software for Professional Wedding and Portrait Photographers - Album Software and In Person Sales Software. The Fastest and Easiest professional album design software and the most profitable studio sales software all in one suite.\",\"breadcrumb\":{\"@id\":\"https:\/\/albumexpress.net\/privacy\/#breadcrumb\"},\"inLanguage\":\"fr-FR\",\"potentialAction\":[{\"@type\":\"ReadAction\",\"target\":[\"https:\/\/albumexpress.net\/privacy\/\"]}]},{\"@type\":\"BreadcrumbList\",\"@id\":\"https:\/\/albumexpress.net\/privacy\/#breadcrumb\",\"itemListElement\":[{\"@type\":\"ListItem\",\"position\":1,\"name\":\"Home\",\"item\":\"https:\/\/albumexpress.net\/\"},{\"@type\":\"ListItem\",\"position\":2,\"name\":\"Privacy\"}]},{\"@type\":\"WebSite\",\"@id\":\"https:\/\/albumexpress.net\/#website\",\"url\":\"https:\/\/albumexpress.net\/\",\"name\":\"Album Expresss: Album Design Software for Photographers\",\"description\":\"Album Design Software for Professional Wedding and Portrait Photographers | Try Now - No Credit Card Required\",\"publisher\":{\"@id\":\"https:\/\/albumexpress.net\/#organization\"},\"potentialAction\":[{\"@type\":\"SearchAction\",\"target\":{\"@type\":\"EntryPoint\",\"urlTemplate\":\"https:\/\/albumexpress.net\/?s={search_term_string}\"},\"query-input\":{\"@type\":\"PropertyValueSpecification\",\"valueRequired\":true,\"valueName\":\"search_term_string\"}}],\"inLanguage\":\"fr-FR\"},{\"@type\":\"Organization\",\"@id\":\"https:\/\/albumexpress.net\/#organization\",\"name\":\"Album Express\",\"url\":\"https:\/\/albumexpress.net\/\",\"logo\":{\"@type\":\"ImageObject\",\"inLanguage\":\"fr-FR\",\"@id\":\"https:\/\/albumexpress.net\/#\/schema\/logo\/image\/\",\"url\":\"https:\/\/albumexpress.net\/wp-content\/uploads\/2018\/05\/Album-Express-8-Mac-Box.png\",\"contentUrl\":\"https:\/\/albumexpress.net\/wp-content\/uploads\/2018\/05\/Album-Express-8-Mac-Box.png\",\"width\":1520,\"height\":1520,\"caption\":\"Album Express\"},\"image\":{\"@id\":\"https:\/\/albumexpress.net\/#\/schema\/logo\/image\/\"},\"sameAs\":[\"https:\/\/www.facebook.com\/AlbumExpress\/\",\"https:\/\/x.com\/spc_software\",\"https:\/\/www.instagram.com\/spc_international\/\",\"https:\/\/www.linkedin.com\/in\/spc-international-63b24238\/\",\"https:\/\/it.pinterest.com\/spcinternational\/\",\"https:\/\/www.youtube.com\/user\/AlbumExpress\"]}]}<\/script>\n<!-- \/ Yoast SEO plugin. -->","yoast_head_json":{"title":"Album Express Software for Photographers - Privacy","description":"Album Design Software for Professional Wedding and Portrait Photographers - Album Software and In Person Sales Software. The Fastest and Easiest professional album design software and the most profitable studio sales software all in one suite.","robots":{"index":"index","follow":"follow","max-snippet":"max-snippet:-1","max-image-preview":"max-image-preview:large","max-video-preview":"max-video-preview:-1"},"canonical":"https:\/\/albumexpress.net\/fr\/privacy\/","og_locale":"fr_FR","og_type":"article","og_title":"Album Express Software for Photographers - Privacy","og_description":"Album Design Software for Professional Wedding and Portrait Photographers - Album Software and In Person Sales Software. The Fastest and Easiest professional album design software and the most profitable studio sales software all in one suite.","og_url":"https:\/\/albumexpress.net\/fr\/privacy\/","og_site_name":"Album Express","article_publisher":"https:\/\/www.facebook.com\/AlbumExpress\/","article_modified_time":"2018-08-10T12:58:48+00:00","twitter_card":"summary_large_image","twitter_site":"@spc_software","twitter_misc":{"Dur\u00e9e de lecture estim\u00e9e":"2 minutes"},"schema":{"@context":"https:\/\/schema.org","@graph":[{"@type":"WebPage","@id":"https:\/\/albumexpress.net\/privacy\/","url":"https:\/\/albumexpress.net\/privacy\/","name":"Album Express Software for Photographers - Privacy","isPartOf":{"@id":"https:\/\/albumexpress.net\/#website"},"datePublished":"2014-12-16T09:15:43+00:00","dateModified":"2018-08-10T12:58:48+00:00","description":"Album Design Software for Professional Wedding and Portrait Photographers - Album Software and In Person Sales Software. The Fastest and Easiest professional album design software and the most profitable studio sales software all in one suite.","breadcrumb":{"@id":"https:\/\/albumexpress.net\/privacy\/#breadcrumb"},"inLanguage":"fr-FR","potentialAction":[{"@type":"ReadAction","target":["https:\/\/albumexpress.net\/privacy\/"]}]},{"@type":"BreadcrumbList","@id":"https:\/\/albumexpress.net\/privacy\/#breadcrumb","itemListElement":[{"@type":"ListItem","position":1,"name":"Home","item":"https:\/\/albumexpress.net\/"},{"@type":"ListItem","position":2,"name":"Privacy"}]},{"@type":"WebSite","@id":"https:\/\/albumexpress.net\/#website","url":"https:\/\/albumexpress.net\/","name":"Album Expresss: Album Design Software for Photographers","description":"Album Design Software for Professional Wedding and Portrait Photographers | Try Now - No Credit Card Required","publisher":{"@id":"https:\/\/albumexpress.net\/#organization"},"potentialAction":[{"@type":"SearchAction","target":{"@type":"EntryPoint","urlTemplate":"https:\/\/albumexpress.net\/?s={search_term_string}"},"query-input":{"@type":"PropertyValueSpecification","valueRequired":true,"valueName":"search_term_string"}}],"inLanguage":"fr-FR"},{"@type":"Organization","@id":"https:\/\/albumexpress.net\/#organization","name":"Album Express","url":"https:\/\/albumexpress.net\/","logo":{"@type":"ImageObject","inLanguage":"fr-FR","@id":"https:\/\/albumexpress.net\/#\/schema\/logo\/image\/","url":"https:\/\/albumexpress.net\/wp-content\/uploads\/2018\/05\/Album-Express-8-Mac-Box.png","contentUrl":"https:\/\/albumexpress.net\/wp-content\/uploads\/2018\/05\/Album-Express-8-Mac-Box.png","width":1520,"height":1520,"caption":"Album Express"},"image":{"@id":"https:\/\/albumexpress.net\/#\/schema\/logo\/image\/"},"sameAs":["https:\/\/www.facebook.com\/AlbumExpress\/","https:\/\/x.com\/spc_software","https:\/\/www.instagram.com\/spc_international\/","https:\/\/www.linkedin.com\/in\/spc-international-63b24238\/","https:\/\/it.pinterest.com\/spcinternational\/","https:\/\/www.youtube.com\/user\/AlbumExpress"]}]}},"_links":{"self":[{"href":"https:\/\/albumexpress.net\/fr\/wp-json\/wp\/v2\/pages\/6379","targetHints":{"allow":["GET"]}}],"collection":[{"href":"https:\/\/albumexpress.net\/fr\/wp-json\/wp\/v2\/pages"}],"about":[{"href":"https:\/\/albumexpress.net\/fr\/wp-json\/wp\/v2\/types\/page"}],"author":[{"embeddable":true,"href":"https:\/\/albumexpress.net\/fr\/wp-json\/wp\/v2\/users\/2"}],"replies":[{"embeddable":true,"href":"https:\/\/albumexpress.net\/fr\/wp-json\/wp\/v2\/comments?post=6379"}],"version-history":[{"count":21,"href":"https:\/\/albumexpress.net\/fr\/wp-json\/wp\/v2\/pages\/6379\/revisions"}],"predecessor-version":[{"id":6780,"href":"https:\/\/albumexpress.net\/fr\/wp-json\/wp\/v2\/pages\/6379\/revisions\/6780"}],"wp:attachment":[{"href":"https:\/\/albumexpress.net\/fr\/wp-json\/wp\/v2\/media?parent=6379"}],"curies":[{"name":"wp","href":"https:\/\/api.w.org\/{rel}","templated":true}]}}