{"id":6925,"date":"2018-05-04T17:11:53","date_gmt":"2018-05-04T17:11:53","guid":{"rendered":"https:\/\/albumexpress.net\/?page_id=6925"},"modified":"2018-05-11T15:20:05","modified_gmt":"2018-05-11T15:20:05","slug":"terms-and-conditions-of-use","status":"publish","type":"page","link":"https:\/\/albumexpress.net\/es\/terms-and-conditions-of-use\/","title":{"rendered":"T\u00e9rminos y condiciones de uso"},"content":{"rendered":"<div id=\"fws_69dca5560e0bd\"  data-column-margin=\"default\" data-midnight=\"light\" data-top-percent=\"14%\" data-bottom-percent=\"12%\"  class=\"wpb_row vc_row-fluid vc_row full-width-section parallax_section\"  style=\"padding-top: calc(100vw * 0.14); padding-bottom: calc(100vw * 0.12); \"><div class=\"row-bg-wrap\" data-bg-animation=\"none\" data-bg-animation-delay=\"\" data-bg-overlay=\"true\"><div class=\"inner-wrap row-bg-layer using-image\" ><div class=\"row-bg viewport-desktop using-image using-bg-color\" data-parallax-speed=\"fast\" style=\"background-image: url(https:\/\/albumexpress.net\/wp-content\/uploads\/2018\/05\/contact-background.jpg); background-position: center center; background-repeat: no-repeat; background-color: #ffffff; \"><\/div><\/div><div class=\"row-bg-overlay row-bg-layer\" style=\"background: #0a0000; background: linear-gradient(90deg,#0a0000 0%,rgba(10,10,10,0.5) 100%);  opacity: 0.5; \"><\/div><\/div><div class=\"row_col_wrap_12 col span_12 light left\">\n\t<div  class=\"vc_col-sm-12 wpb_column column_container vc_column_container col no-extra-padding\"  data-padding-pos=\"all\" data-has-bg-color=\"false\" data-bg-color=\"\" data-bg-opacity=\"1\" data-animation=\"\" data-delay=\"0\" >\n\t\t<div class=\"vc_column-inner\" >\n\t\t\t<div class=\"wpb_wrapper\">\n\t\t\t\t<div id=\"fws_69dca5560e416\" data-midnight=\"\" data-column-margin=\"default\" class=\"wpb_row vc_row-fluid vc_row inner_row vc_row-o-equal-height vc_row-flex vc_row-o-content-middle\"  style=\"\"><div class=\"row-bg-wrap\"> <div class=\"row-bg\" ><\/div> <\/div><div class=\"row_col_wrap_12_inner col span_12  left\">\n\t<div  class=\"vc_col-sm-6 vc_col-lg-6 vc_col-md-6 vc_col-xs-12 wpb_column column_container vc_column_container col child_column has-animation no-extra-padding\"   data-padding-pos=\"all\" data-has-bg-color=\"false\" data-bg-color=\"\" data-bg-opacity=\"1\" data-animation=\"fade-in\" data-delay=\"0\" >\n\t\t<div class=\"vc_column-inner\" >\n\t\t<div class=\"wpb_wrapper\">\n\t\t\t<div class=\"nectar-split-heading\" data-align=\"default\" data-m-align=\"inherit\" data-text-effect=\"default\" data-animation-type=\"default\" data-animation-delay=\"0\" data-animation-offset=\"\" data-m-rm-animation=\"\" data-stagger=\"\" data-custom-font-size=\"false\" ><div class=\"heading-line\" > <div><h1>T\u00e9rminos y<\/h1> <\/div> <\/div><div class=\"heading-line\" > <div><h1>Condiciones de Uso<\/h1> <\/div> <\/div><\/div>\n\t\t<\/div> \n\t<\/div>\n\t<\/div> \n\n\t<div  class=\"vc_col-sm-3 vc_hidden-sm vc_hidden-xs wpb_column column_container vc_column_container col child_column no-extra-padding\"   data-padding-pos=\"all\" data-has-bg-color=\"false\" data-bg-color=\"\" data-bg-opacity=\"1\" data-animation=\"\" data-delay=\"0\" >\n\t\t<div class=\"vc_column-inner\" >\n\t\t<div class=\"wpb_wrapper\">\n\t\t\t\n\t\t<\/div> \n\t<\/div>\n\t<\/div> \n\n\t<div  class=\"vc_col-sm-3 vc_col-xs-12 wpb_column column_container vc_column_container col child_column has-animation padding-6-percent\"   data-padding-pos=\"bottom\" data-has-bg-color=\"false\" data-bg-color=\"\" data-bg-opacity=\"1\" data-animation=\"fade-in-from-bottom\" data-delay=\"0\" >\n\t\t<div class=\"vc_column-inner\" >\n\t\t<div class=\"wpb_wrapper\">\n\t\t\t\n\t\t<\/div> \n\t<\/div>\n\t<\/div> \n<\/div><\/div>\n\t\t\t<\/div> \n\t\t<\/div>\n\t<\/div> \n<\/div><\/div>\n\t\t<div id=\"fws_69dca5560e99f\"  data-column-margin=\"default\" data-midnight=\"dark\" data-top-percent=\"5%\" data-bottom-percent=\"5%\"  class=\"wpb_row vc_row-fluid vc_row\"  style=\"padding-top: calc(100vw * 0.05); padding-bottom: calc(100vw * 0.05); \"><div class=\"row-bg-wrap\" data-bg-animation=\"none\" data-bg-animation-delay=\"\" data-bg-overlay=\"false\"><div class=\"inner-wrap row-bg-layer\" ><div class=\"row-bg viewport-desktop\"  style=\"\"><\/div><\/div><\/div><div class=\"row_col_wrap_12 col span_12 dark left\">\n\t<div  class=\"vc_col-sm-12 wpb_column column_container vc_column_container col no-extra-padding\"  data-padding-pos=\"all\" data-has-bg-color=\"false\" data-bg-color=\"\" data-bg-opacity=\"1\" data-animation=\"\" data-delay=\"0\" >\n\t\t<div class=\"vc_column-inner\" >\n\t\t\t<div class=\"wpb_wrapper\">\n\t\t\t\t<h1 style=\"font-size: 20px;color: #494949;line-height: 2;text-align: center;font-family:Quicksand;font-weight:400;font-style:normal\" class=\"vc_custom_heading\" >T\u00e9rminos y condiciones International SPC srl<\/p>\n<p>Los siguientes t\u00e9rminos y condiciones (T\u00e9rminos y condiciones) rigen el uso de este sitio web y cualquier contenido disponible a trav\u00e9s de los siguientes sitios web (Sitios) de International SPC srl, incluidos, entre otros:<\/p>\n<p>Nombre del sitio: www.albumexpress.net<\/p>\n<p>Los Sitios son propiedad y est\u00e1n operados por International SPC srl. (International SPC srl o nosotros o nosotros).<br \/>\nSu uso y acceso a los Sitios indica su aceptaci\u00f3n de estos T\u00e9rminos y condiciones.<\/p>\n<p>1. Membres\u00eda<br \/>\nNo necesita ser miembro de los Sitios para acceder a los Sitios o utilizar el contenido o los servicios. Sin embargo, el acceso a algunas \u00e1reas de los Sitios y algunos contenidos y servicios tambi\u00e9n puede estar restringido a los miembros solamente.<br \/>\nAl convertirse en miembro, deber\u00e1 firmar un Acuerdo de Membres\u00eda por separado.<\/p>\n<p>2. Derechos de propiedad<br \/>\nSu uso de los Sitios no le otorga ninguna propiedad o inter\u00e9s en ning\u00fan contenido, c\u00f3digo, datos o materiales a los que pueda acceder en los Sitios o a trav\u00e9s de ellos, ni ning\u00fan derecho de propiedad intelectual que subsista a ning\u00fan contenido, c\u00f3digo, datos o materiales a los que pueda acceder o a trav\u00e9s de los Sitios.<br \/>\nPuede descargar una sola copia de cualquier contenido contenido en los Sitios, \u00fanicamente para su uso personal, no comercial, de conformidad con estos t\u00e9rminos de uso, siempre que mantenga los derechos de autor y otros avisos contenidos en ese contenido. Esto excluye los productos disponibles para la venta \/ licencia en los Sitios.<br \/>\nSu uso de los Sitios no le otorga ninguna propiedad o inter\u00e9s en ning\u00fan contenido, c\u00f3digo, datos o materiales a los que pueda acceder en los Sitios o a trav\u00e9s de ellos, ni ning\u00fan derecho de propiedad intelectual que subsista a ning\u00fan contenido, c\u00f3digo, datos o materiales a los que pueda acceder o a trav\u00e9s de los Sitios.<br \/>\nSi hace otro uso de los Sitios, o los Productos, el contenido, el c\u00f3digo, los datos o los materiales en los Sitios o est\u00e1n disponibles a trav\u00e9s de los Sitios, a menos que se indique lo contrario, violar\u00e1 los derechos de autor y otras leyes de Italia y otros pa\u00edses. seg\u00fan las leyes estatales aplicables y puede estar sujeto a responsabilidad por dicho uso no autorizado.<\/p>\n<p>3. Agente de derechos de autor<br \/>\nRespetamos los derechos de propiedad intelectual de los dem\u00e1s y exigimos que las personas que usan los Sitios, o los servicios o funciones disponibles en los Sitios, o por medio de ellos, hagan lo mismo.<br \/>\nSi cree que su trabajo ha sido copiado de una manera que constituye una infracci\u00f3n de derechos de autor, env\u00ede la siguiente informaci\u00f3n a International SPC srl:<br \/>\nsu direcci\u00f3n, n\u00famero de tel\u00e9fono y direcci\u00f3n de correo electr\u00f3nico;<br \/>\nuna descripci\u00f3n de d\u00f3nde se encuentra el supuesto material infractor;<br \/>\nuna descripci\u00f3n del trabajo protegido por derechos de autor que usted afirma que se ha infringido; y<br \/>\nuna declaraci\u00f3n suya, que garantiza que la informaci\u00f3n anterior en su aviso es precisa y que usted es el propietario de los derechos de autor o est\u00e1 autorizado para actuar en nombre del propietario de los derechos de autor.<\/p>\n<p>4. Marcas comerciales<br \/>\nLas marcas comerciales, logotipos, marcas de servicio y nombres comerciales (colectivamente, las Marcas comerciales) que se muestran en los Sitios, o en el contenido disponible a trav\u00e9s de los Sitios, son marcas comerciales registradas y no registradas de International SPC srl y otros.<br \/>\nNada de lo contenido en los Sitios debe interpretarse como el otorgamiento expreso o impl\u00edcito de una licencia o derecho de uso de cualquier Marca comercial mostrada en los Sitios sin el permiso por escrito de International SPC srl o del tercero que pueda ser el propietario de la Marca comercial aplicable.<\/p>\n<p>5. Cambios a los T\u00e9rminos y condiciones<br \/>\nInternational SPC srl puede, a su sola discreci\u00f3n, revisar o cambiar estos T\u00e9rminos y Condiciones (en su totalidad o en parte) de vez en cuando y en cualquier momento sin previo aviso.<br \/>\nLos cambios en los T\u00e9rminos y condiciones ser\u00e1n efectivos cuando los publiquemos en los Sitios.<br \/>\nSu uso continuado de los Sitios y \/ o los servicios disponibles en los Sitios o a trav\u00e9s de ellos despu\u00e9s de que se publique cualquier cambio en los T\u00e9rminos y Condiciones se considerar\u00e1 como aceptaci\u00f3n de dichos cambios.<\/p>\n<p>6. Informaci\u00f3n del usuario<br \/>\nEn el curso de su uso de los Sitios y \/ o el contenido o servicios disponibles en, oa trav\u00e9s de los Sitios, se le puede solicitar que nos proporcione cierta informaci\u00f3n personalizada (Informaci\u00f3n del usuario). Las pol\u00edticas de recopilaci\u00f3n y uso de informaci\u00f3n de International SPC srl con respecto a la privacidad de dicha Informaci\u00f3n del usuario se establecen en la Pol\u00edtica de privacidad de los Sitios.<br \/>\nUsted es el \u00fanico responsable de la precisi\u00f3n y el contenido de la informaci\u00f3n del usuario.<\/p>\n<p>7. Vinculaci\u00f3n a los sitios<br \/>\nUsted acepta que si incluye un enlace desde cualquier otro sitio web a los Sitios, dicho enlace debe vincular a la versi\u00f3n completa de una p\u00e1gina con formato HTML de los Sitios.<br \/>\nNo est\u00e1 permitido vincular directamente a ninguna imagen alojada en los Sitios o nuestros servicios, como el uso de un m\u00e9todo de enlace &quot;en l\u00ednea&quot; para hacer que la imagen alojada por nosotros se muestre en otro sitio web.<br \/>\nUsted acepta no descargar ni usar im\u00e1genes alojadas en los Sitios en otro sitio web, para ning\u00fan prop\u00f3sito, incluyendo, entre otros, publicar dichas im\u00e1genes en otro sitio web.<br \/>\nUsted acepta no vincular desde ning\u00fan otro sitio web a los Sitios de manera tal que los Sitios, o cualquier p\u00e1gina de los Sitios, est\u00e9 &quot;enmarcada&quot;, rodeada u ofuscada por cualquier contenido, material o marca de terceros.<br \/>\nNos reservamos el derecho de insistir en que se suspenda cualquier enlace a los Sitios y de revocar su derecho a vincular los Sitios desde cualquier otro sitio web en cualquier momento mediante notificaci\u00f3n por escrito.<\/p>\n<p>8. Sitios de terceros.<br \/>\nEs posible que pueda pasar de los Sitios a sitios web de terceros (Sitios vinculados).<br \/>\nUsted reconoce y acepta que no tenemos responsabilidad por la informaci\u00f3n, el contenido, los productos, los servicios, la publicidad, el c\u00f3digo u otros materiales que puedan o no ser provistos por o a trav\u00e9s de los Sitios Enlazados, incluso si son propiedad o est\u00e1n administrados por afiliados nuestros.<br \/>\nLa inclusi\u00f3n de cualquier enlace a dichos sitios web en nuestros Sitios no implica el respaldo, el patrocinio o la recomendaci\u00f3n de International SPC srl de ese sitio web.<br \/>\nInternational SPC srl se exime de cualquier responsabilidad por los enlaces a otro sitio web.<\/p>\n<p>9. Descargo de responsabilidad<br \/>\nLa Ley de Pr\u00e1cticas Comerciales y la legislaci\u00f3n estatal y territorial similar en Italia pueden conferirle derechos y recursos en relaci\u00f3n con la provisi\u00f3n de bienes o servicios en los Sitios que no pueden ser excluidos, restringidos o modificados por International SPC srl (Derechos no excluibles).<br \/>\nInternational SPC srl no excluye ning\u00fan derecho no excluible, pero excluye todas las dem\u00e1s condiciones y garant\u00edas impl\u00edcitas por costumbre, ley o estatuto.<br \/>\nSalvo lo dispuesto por los Derechos no excluibles:<br \/>\ntodo el contenido y los servicios en los Sitios se proporcionan &quot;tal cual&quot; y sin garant\u00edas de ning\u00fan tipo, ya sea expresa o impl\u00edcita;<br \/>\nInternational SPC srl y sus proveedores renuncian expresamente a todas las garant\u00edas de cualquier tipo, incluidas, entre otras, las garant\u00edas impl\u00edcitas de comerciabilidad e idoneidad para un prop\u00f3sito particular;<br \/>\nInternational SPC srl no garantiza que las funciones contenidas en cualquier contenido o su acceso a los Sitios ser\u00e1n ininterrumpidos o libres de errores, que se corregir\u00e1n los defectos o que los Sitios o el servidor que almacena y transmite contenido est\u00e1n libres de virus o cualquier otro componente da\u00f1ino; e International SPC srl no garantiza ni hace ninguna representaci\u00f3n con respecto a su acceso o los resultados de su acceso a los Sitios (incluidos los sitios web relacionados o vinculados) o cualquier contenido en t\u00e9rminos de correcci\u00f3n, precisi\u00f3n, oportunidad, integridad, confiabilidad o de otro modo.<br \/>\nBajo ninguna circunstancia (incluidos, entre otros, cualquier acto u omisi\u00f3n por parte de International SPC srl), International SPC srl o sus filiales ser\u00e1n responsables de cualquier da\u00f1o indirecto, incidental, especial y \/ o consecuente o p\u00e9rdida de ganancias que resulte de cualquier uso o acceso de, o cualquier incapacidad para usar o acceder, los Sitios o el contenido.<br \/>\nEn la mayor medida permitida por la ley, la responsabilidad de International SPC srl por incumplimiento de cualquier garant\u00eda o condici\u00f3n impl\u00edcita que no pueda excluirse se limita a la opci\u00f3n de International SPC srl a lo siguiente:<br \/>\nEn el caso de los servicios prestados u ofrecidos por International SPC srl:<br \/>\nel suministro de los servicios nuevamente;<br \/>\nel pago del costo de volver a prestar servicios; y<br \/>\nEn el caso de bienes suministrados u ofrecidos por nosotros:<br \/>\nel reemplazo de los bienes o el suministro de bienes equivalentes; o<br \/>\nel pago del costo de reemplazar los bienes o adquirir bienes equivalentes.<\/p>\n<p>10. Leyes aplicables<br \/>\nControlamos y operamos los Sitios desde nuestras oficinas en Italia de acuerdo con las leyes de Italia. No declaramos que los materiales en los Sitios sean apropiados o est\u00e9n disponibles para su uso en otros lugares. Las personas que eligen acceder a los Sitios desde otros lugares lo hacen por iniciativa propia y son responsables del cumplimiento de las leyes locales, en la medida en que las leyes locales sean aplicables.<\/h1>\n\t\t\t<\/div> \n\t\t<\/div>\n\t<\/div> \n<\/div><\/div>","protected":false},"excerpt":{"rendered":"Terms and conditions of use Terms and Conditions International SPC srl The following terms and conditions (Terms and Conditions) govern your use of this web site, and any content made...","protected":false},"author":2,"featured_media":0,"parent":0,"menu_order":0,"comment_status":"closed","ping_status":"open","template":"","meta":{"footnotes":""},"class_list":["post-6925","page","type-page","status-publish"],"yoast_head":"<!-- This site is optimized with the Yoast SEO plugin v24.4 - https:\/\/yoast.com\/wordpress\/plugins\/seo\/ -->\n<title>Album Express Software for Photographers - terms and conditions of use<\/title>\n<meta name=\"description\" content=\"Album Express Software for Professional Wedding and Portrait Photographers. The Fastest and Easiest professional album design software and the most profitable studio sales software all in one suite.\" \/>\n<meta name=\"robots\" content=\"index, follow, max-snippet:-1, max-image-preview:large, max-video-preview:-1\" \/>\n<link rel=\"canonical\" href=\"https:\/\/albumexpress.net\/es\/terms-and-conditions-of-use\/\" \/>\n<meta property=\"og:locale\" content=\"es_ES\" \/>\n<meta property=\"og:type\" content=\"article\" \/>\n<meta property=\"og:title\" content=\"Album Express Software for Photographers - terms and conditions of use\" \/>\n<meta property=\"og:description\" content=\"Album Express Software for Professional Wedding and Portrait Photographers. The Fastest and Easiest professional album design software and the most profitable studio sales software all in one suite.\" \/>\n<meta property=\"og:url\" content=\"https:\/\/albumexpress.net\/es\/terms-and-conditions-of-use\/\" \/>\n<meta property=\"og:site_name\" content=\"Album Express\" \/>\n<meta property=\"article:publisher\" content=\"https:\/\/www.facebook.com\/AlbumExpress\/\" \/>\n<meta property=\"article:modified_time\" content=\"2018-05-11T15:20:05+00:00\" \/>\n<meta name=\"twitter:card\" content=\"summary_large_image\" \/>\n<meta name=\"twitter:site\" content=\"@spc_software\" \/>\n<meta name=\"twitter:label1\" content=\"Tiempo de lectura\" \/>\n\t<meta name=\"twitter:data1\" content=\"9 minutos\" \/>\n<script type=\"application\/ld+json\" class=\"yoast-schema-graph\">{\"@context\":\"https:\/\/schema.org\",\"@graph\":[{\"@type\":\"WebPage\",\"@id\":\"https:\/\/albumexpress.net\/terms-and-conditions-of-use\/\",\"url\":\"https:\/\/albumexpress.net\/terms-and-conditions-of-use\/\",\"name\":\"Album Express Software for Photographers - terms and conditions of use\",\"isPartOf\":{\"@id\":\"https:\/\/albumexpress.net\/#website\"},\"datePublished\":\"2018-05-04T17:11:53+00:00\",\"dateModified\":\"2018-05-11T15:20:05+00:00\",\"description\":\"Album Express Software for Professional Wedding and Portrait Photographers. The Fastest and Easiest professional album design software and the most profitable studio sales software all in one suite.\",\"breadcrumb\":{\"@id\":\"https:\/\/albumexpress.net\/terms-and-conditions-of-use\/#breadcrumb\"},\"inLanguage\":\"es\",\"potentialAction\":[{\"@type\":\"ReadAction\",\"target\":[\"https:\/\/albumexpress.net\/terms-and-conditions-of-use\/\"]}]},{\"@type\":\"BreadcrumbList\",\"@id\":\"https:\/\/albumexpress.net\/terms-and-conditions-of-use\/#breadcrumb\",\"itemListElement\":[{\"@type\":\"ListItem\",\"position\":1,\"name\":\"Home\",\"item\":\"https:\/\/albumexpress.net\/\"},{\"@type\":\"ListItem\",\"position\":2,\"name\":\"Terms and conditions of use\"}]},{\"@type\":\"WebSite\",\"@id\":\"https:\/\/albumexpress.net\/#website\",\"url\":\"https:\/\/albumexpress.net\/\",\"name\":\"Album Expresss: Album Design Software for Photographers\",\"description\":\"Album Design Software for Professional Wedding and Portrait Photographers | Try Now - No Credit Card Required\",\"publisher\":{\"@id\":\"https:\/\/albumexpress.net\/#organization\"},\"potentialAction\":[{\"@type\":\"SearchAction\",\"target\":{\"@type\":\"EntryPoint\",\"urlTemplate\":\"https:\/\/albumexpress.net\/?s={search_term_string}\"},\"query-input\":{\"@type\":\"PropertyValueSpecification\",\"valueRequired\":true,\"valueName\":\"search_term_string\"}}],\"inLanguage\":\"es\"},{\"@type\":\"Organization\",\"@id\":\"https:\/\/albumexpress.net\/#organization\",\"name\":\"Album Express\",\"url\":\"https:\/\/albumexpress.net\/\",\"logo\":{\"@type\":\"ImageObject\",\"inLanguage\":\"es\",\"@id\":\"https:\/\/albumexpress.net\/#\/schema\/logo\/image\/\",\"url\":\"https:\/\/albumexpress.net\/wp-content\/uploads\/2018\/05\/Album-Express-8-Mac-Box.png\",\"contentUrl\":\"https:\/\/albumexpress.net\/wp-content\/uploads\/2018\/05\/Album-Express-8-Mac-Box.png\",\"width\":1520,\"height\":1520,\"caption\":\"Album Express\"},\"image\":{\"@id\":\"https:\/\/albumexpress.net\/#\/schema\/logo\/image\/\"},\"sameAs\":[\"https:\/\/www.facebook.com\/AlbumExpress\/\",\"https:\/\/x.com\/spc_software\",\"https:\/\/www.instagram.com\/spc_international\/\",\"https:\/\/www.linkedin.com\/in\/spc-international-63b24238\/\",\"https:\/\/it.pinterest.com\/spcinternational\/\",\"https:\/\/www.youtube.com\/user\/AlbumExpress\"]}]}<\/script>\n<!-- \/ Yoast SEO plugin. -->","yoast_head_json":{"title":"Album Express Software for Photographers - terms and conditions of use","description":"Album Express Software for Professional Wedding and Portrait Photographers. The Fastest and Easiest professional album design software and the most profitable studio sales software all in one suite.","robots":{"index":"index","follow":"follow","max-snippet":"max-snippet:-1","max-image-preview":"max-image-preview:large","max-video-preview":"max-video-preview:-1"},"canonical":"https:\/\/albumexpress.net\/es\/terms-and-conditions-of-use\/","og_locale":"es_ES","og_type":"article","og_title":"Album Express Software for Photographers - terms and conditions of use","og_description":"Album Express Software for Professional Wedding and Portrait Photographers. The Fastest and Easiest professional album design software and the most profitable studio sales software all in one suite.","og_url":"https:\/\/albumexpress.net\/es\/terms-and-conditions-of-use\/","og_site_name":"Album Express","article_publisher":"https:\/\/www.facebook.com\/AlbumExpress\/","article_modified_time":"2018-05-11T15:20:05+00:00","twitter_card":"summary_large_image","twitter_site":"@spc_software","twitter_misc":{"Tiempo de lectura":"9 minutos"},"schema":{"@context":"https:\/\/schema.org","@graph":[{"@type":"WebPage","@id":"https:\/\/albumexpress.net\/terms-and-conditions-of-use\/","url":"https:\/\/albumexpress.net\/terms-and-conditions-of-use\/","name":"Album Express Software for Photographers - terms and conditions of use","isPartOf":{"@id":"https:\/\/albumexpress.net\/#website"},"datePublished":"2018-05-04T17:11:53+00:00","dateModified":"2018-05-11T15:20:05+00:00","description":"Album Express Software for Professional Wedding and Portrait Photographers. The Fastest and Easiest professional album design software and the most profitable studio sales software all in one suite.","breadcrumb":{"@id":"https:\/\/albumexpress.net\/terms-and-conditions-of-use\/#breadcrumb"},"inLanguage":"es","potentialAction":[{"@type":"ReadAction","target":["https:\/\/albumexpress.net\/terms-and-conditions-of-use\/"]}]},{"@type":"BreadcrumbList","@id":"https:\/\/albumexpress.net\/terms-and-conditions-of-use\/#breadcrumb","itemListElement":[{"@type":"ListItem","position":1,"name":"Home","item":"https:\/\/albumexpress.net\/"},{"@type":"ListItem","position":2,"name":"Terms and conditions of use"}]},{"@type":"WebSite","@id":"https:\/\/albumexpress.net\/#website","url":"https:\/\/albumexpress.net\/","name":"Album Expresss: Album Design Software for Photographers","description":"Album Design Software for Professional Wedding and Portrait Photographers | Try Now - No Credit Card Required","publisher":{"@id":"https:\/\/albumexpress.net\/#organization"},"potentialAction":[{"@type":"SearchAction","target":{"@type":"EntryPoint","urlTemplate":"https:\/\/albumexpress.net\/?s={search_term_string}"},"query-input":{"@type":"PropertyValueSpecification","valueRequired":true,"valueName":"search_term_string"}}],"inLanguage":"es"},{"@type":"Organization","@id":"https:\/\/albumexpress.net\/#organization","name":"Album Express","url":"https:\/\/albumexpress.net\/","logo":{"@type":"ImageObject","inLanguage":"es","@id":"https:\/\/albumexpress.net\/#\/schema\/logo\/image\/","url":"https:\/\/albumexpress.net\/wp-content\/uploads\/2018\/05\/Album-Express-8-Mac-Box.png","contentUrl":"https:\/\/albumexpress.net\/wp-content\/uploads\/2018\/05\/Album-Express-8-Mac-Box.png","width":1520,"height":1520,"caption":"Album Express"},"image":{"@id":"https:\/\/albumexpress.net\/#\/schema\/logo\/image\/"},"sameAs":["https:\/\/www.facebook.com\/AlbumExpress\/","https:\/\/x.com\/spc_software","https:\/\/www.instagram.com\/spc_international\/","https:\/\/www.linkedin.com\/in\/spc-international-63b24238\/","https:\/\/it.pinterest.com\/spcinternational\/","https:\/\/www.youtube.com\/user\/AlbumExpress"]}]}},"_links":{"self":[{"href":"https:\/\/albumexpress.net\/es\/wp-json\/wp\/v2\/pages\/6925","targetHints":{"allow":["GET"]}}],"collection":[{"href":"https:\/\/albumexpress.net\/es\/wp-json\/wp\/v2\/pages"}],"about":[{"href":"https:\/\/albumexpress.net\/es\/wp-json\/wp\/v2\/types\/page"}],"author":[{"embeddable":true,"href":"https:\/\/albumexpress.net\/es\/wp-json\/wp\/v2\/users\/2"}],"replies":[{"embeddable":true,"href":"https:\/\/albumexpress.net\/es\/wp-json\/wp\/v2\/comments?post=6925"}],"version-history":[{"count":6,"href":"https:\/\/albumexpress.net\/es\/wp-json\/wp\/v2\/pages\/6925\/revisions"}],"predecessor-version":[{"id":7529,"href":"https:\/\/albumexpress.net\/es\/wp-json\/wp\/v2\/pages\/6925\/revisions\/7529"}],"wp:attachment":[{"href":"https:\/\/albumexpress.net\/es\/wp-json\/wp\/v2\/media?parent=6925"}],"curies":[{"name":"wp","href":"https:\/\/api.w.org\/{rel}","templated":true}]}}