{"id":6814,"date":"2018-05-04T15:32:51","date_gmt":"2018-05-04T15:32:51","guid":{"rendered":"https:\/\/albumexpress.net\/?page_id=6814"},"modified":"2018-05-11T07:56:28","modified_gmt":"2018-05-11T07:56:28","slug":"about","status":"publish","type":"page","link":"https:\/\/albumexpress.net\/es\/about\/","title":{"rendered":"About"},"content":{"rendered":"<div id=\"fws_69d6e7b701efd\"  data-column-margin=\"default\" data-midnight=\"light\" data-top-percent=\"14%\" data-bottom-percent=\"12%\"  class=\"wpb_row vc_row-fluid vc_row full-width-section parallax_section\"  style=\"padding-top: calc(100vw * 0.14); padding-bottom: calc(100vw * 0.12); \"><div class=\"row-bg-wrap\" data-bg-animation=\"none\" data-bg-animation-delay=\"\" data-bg-overlay=\"true\"><div class=\"inner-wrap row-bg-layer using-image\" ><div class=\"row-bg viewport-desktop using-image using-bg-color\" data-parallax-speed=\"fast\" style=\"background-image: url(https:\/\/albumexpress.net\/wp-content\/uploads\/2018\/05\/About-napoli2.jpg); background-position: center center; background-repeat: no-repeat; background-color: #ffffff; \"><\/div><\/div><div class=\"row-bg-overlay row-bg-layer\" style=\"background: #0a0000; background: linear-gradient(90deg,#0a0000 0%,rgba(10,10,10,0.5) 100%);  opacity: 0.5; \"><\/div><\/div><div class=\"row_col_wrap_12 col span_12 light left\">\n\t<div  class=\"vc_col-sm-12 wpb_column column_container vc_column_container col no-extra-padding\"  data-padding-pos=\"all\" data-has-bg-color=\"false\" data-bg-color=\"\" data-bg-opacity=\"1\" data-animation=\"\" data-delay=\"0\" >\n\t\t<div class=\"vc_column-inner\" >\n\t\t\t<div class=\"wpb_wrapper\">\n\t\t\t\t<div id=\"fws_69d6e7b70228b\" data-midnight=\"\" data-column-margin=\"default\" class=\"wpb_row vc_row-fluid vc_row inner_row vc_row-o-equal-height vc_row-flex vc_row-o-content-middle\"  style=\"\"><div class=\"row-bg-wrap\"> <div class=\"row-bg\" ><\/div> <\/div><div class=\"row_col_wrap_12_inner col span_12  left\">\n\t<div  class=\"vc_col-sm-6 vc_col-lg-6 vc_col-md-6 vc_col-xs-12 wpb_column column_container vc_column_container col child_column has-animation no-extra-padding\"   data-padding-pos=\"all\" data-has-bg-color=\"false\" data-bg-color=\"\" data-bg-opacity=\"1\" data-animation=\"fade-in\" data-delay=\"0\" >\n\t\t<div class=\"vc_column-inner\" >\n\t\t<div class=\"wpb_wrapper\">\n\t\t\t<div class=\"nectar-split-heading\" data-align=\"default\" data-m-align=\"inherit\" data-text-effect=\"default\" data-animation-type=\"default\" data-animation-delay=\"0\" data-animation-offset=\"\" data-m-rm-animation=\"\" data-stagger=\"\" data-custom-font-size=\"false\" ><div class=\"heading-line\" > <div><h1>Sobre nosotros<\/h1> <\/div> <\/div><\/div>\n\t\t<\/div> \n\t<\/div>\n\t<\/div> \n\n\t<div  class=\"vc_col-sm-3 vc_hidden-sm vc_hidden-xs wpb_column column_container vc_column_container col child_column no-extra-padding\"   data-padding-pos=\"all\" data-has-bg-color=\"false\" data-bg-color=\"\" data-bg-opacity=\"1\" data-animation=\"\" data-delay=\"0\" >\n\t\t<div class=\"vc_column-inner\" >\n\t\t<div class=\"wpb_wrapper\">\n\t\t\t\n\t\t<\/div> \n\t<\/div>\n\t<\/div> \n\n\t<div  class=\"vc_col-sm-3 vc_col-xs-12 wpb_column column_container vc_column_container col child_column has-animation padding-6-percent\"   data-padding-pos=\"bottom\" data-has-bg-color=\"false\" data-bg-color=\"\" data-bg-opacity=\"1\" data-animation=\"fade-in-from-bottom\" data-delay=\"0\" >\n\t\t<div class=\"vc_column-inner\" >\n\t\t<div class=\"wpb_wrapper\">\n\t\t\t\n\t\t<\/div> \n\t<\/div>\n\t<\/div> \n<\/div><\/div>\n\t\t\t<\/div> \n\t\t<\/div>\n\t<\/div> \n<\/div><\/div>\n\t\t<div id=\"fws_69d6e7b7027f7\"  data-column-margin=\"default\" data-midnight=\"dark\" data-top-percent=\"5%\" data-bottom-percent=\"5%\"  class=\"wpb_row vc_row-fluid vc_row\"  style=\"padding-top: calc(100vw * 0.05); padding-bottom: calc(100vw * 0.05); \"><div class=\"row-bg-wrap\" data-bg-animation=\"none\" data-bg-animation-delay=\"\" data-bg-overlay=\"false\"><div class=\"inner-wrap row-bg-layer\" ><div class=\"row-bg viewport-desktop\"  style=\"\"><\/div><\/div><\/div><div class=\"row_col_wrap_12 col span_12 dark left\">\n\t<div  class=\"vc_col-sm-2 wpb_column column_container vc_column_container col no-extra-padding\"  data-padding-pos=\"all\" data-has-bg-color=\"false\" data-bg-color=\"\" data-bg-opacity=\"1\" data-animation=\"\" data-delay=\"0\" >\n\t\t<div class=\"vc_column-inner\" >\n\t\t\t<div class=\"wpb_wrapper\">\n\t\t\t\t\n\t\t\t<\/div> \n\t\t<\/div>\n\t<\/div> \n\n\t<div  class=\"vc_col-sm-8 wpb_column column_container vc_column_container col no-extra-padding\"  data-padding-pos=\"all\" data-has-bg-color=\"false\" data-bg-color=\"\" data-bg-opacity=\"1\" data-animation=\"\" data-delay=\"0\" >\n\t\t<div class=\"vc_column-inner\" >\n\t\t\t<div class=\"wpb_wrapper\">\n\t\t\t\t<h1 style=\"font-size: 20px;color: #494949;line-height: 2;text-align: center;font-family:Quicksand;font-weight:400;font-style:normal\" class=\"vc_custom_heading\" >Sobre International SPC srl<\/p>\n<p>El equipo de SPC Software tiene una pasi\u00f3n por dos cosas: crear software simple pero potente y cuidar a nuestros clientes. Nuestro objetivo es crear herramientas que ahorren tiempo y dinero para todos los que aman la fotograf\u00eda, el video, la impresi\u00f3n, la multimedia y la Web, permiti\u00e9ndoles crear las im\u00e1genes que desean y volver a lo que realmente les gusta hacer: \u00a1disparar!<\/p>\n<p>Sobre la empresa<\/p>\n<p>La sede central de SPC Software se encuentra en Italia. Fundada en 1990 por Alberto Pappalardo, SPC Software es una empresa privada que consta de un equipo de veteranos de software, fot\u00f3grafos profesionales, entusiastas de la fotograf\u00eda y expertos en Photoshop. Como amantes de la fotograf\u00eda, entendemos las nuevas y emocionantes oportunidades que la tecnolog\u00eda brinda a la fotograf\u00eda. Con todas estas oportunidades, existen tantos desaf\u00edos. Tecnolog\u00edas en constante cambio, herramientas en evoluci\u00f3n y un suministro interminable de t\u00e9cnicas y flujos de trabajo para aprender y aplicar. Todos los productos de SPC Software est\u00e1n dise\u00f1ados con la promesa de ahorrarle tiempo y frustraci\u00f3n detr\u00e1s de la pantalla de la computadora para que pueda obtener r\u00e1pidamente las im\u00e1genes que desea y luego volver detr\u00e1s de la c\u00e1mara. Nuestro compromiso es ayudarlo a aprovechar al m\u00e1ximo sus productos SPC al proporcionar asistencia t\u00e9cnica y al cliente \u00fatil y bien informada (\u00a1nuestros clientes elogian nuestro equipo de soporte!) Y contenido educativo continuo a trav\u00e9s del soporte de SPC. <\/h1>\n\t\t\t<\/div> \n\t\t<\/div>\n\t<\/div> \n\n\t<div  class=\"vc_col-sm-2 wpb_column column_container vc_column_container col no-extra-padding\"  data-padding-pos=\"all\" data-has-bg-color=\"false\" data-bg-color=\"\" data-bg-opacity=\"1\" data-animation=\"\" data-delay=\"0\" >\n\t\t<div class=\"vc_column-inner\" >\n\t\t\t<div class=\"wpb_wrapper\">\n\t\t\t\t\n\t\t\t<\/div> \n\t\t<\/div>\n\t<\/div> \n<\/div><\/div>","protected":false},"excerpt":{"rendered":"About Us About International SPC srl The SPC Software team has a passion for two things - building simple yet powerful software and taking care of our customers. Our goal...","protected":false},"author":2,"featured_media":0,"parent":0,"menu_order":0,"comment_status":"closed","ping_status":"open","template":"","meta":{"footnotes":""},"class_list":["post-6814","page","type-page","status-publish"],"yoast_head":"<!-- This site is optimized with the Yoast SEO plugin v24.4 - https:\/\/yoast.com\/wordpress\/plugins\/seo\/ -->\n<title>About - Album Express<\/title>\n<meta name=\"description\" content=\"spc is on a mission to develop simple and beautiful solutions for the world of photography.\" \/>\n<meta name=\"robots\" content=\"index, follow, max-snippet:-1, max-image-preview:large, max-video-preview:-1\" \/>\n<link rel=\"canonical\" href=\"https:\/\/albumexpress.net\/es\/about\/\" \/>\n<meta property=\"og:locale\" content=\"es_ES\" \/>\n<meta property=\"og:type\" content=\"article\" \/>\n<meta property=\"og:title\" content=\"About - Album Express\" \/>\n<meta property=\"og:description\" content=\"spc is on a mission to develop simple and beautiful solutions for the world of photography.\" \/>\n<meta property=\"og:url\" content=\"https:\/\/albumexpress.net\/es\/about\/\" \/>\n<meta property=\"og:site_name\" content=\"Album Express\" \/>\n<meta property=\"article:publisher\" content=\"https:\/\/www.facebook.com\/AlbumExpress\/\" \/>\n<meta property=\"article:modified_time\" content=\"2018-05-11T07:56:28+00:00\" \/>\n<meta name=\"twitter:card\" content=\"summary_large_image\" \/>\n<meta name=\"twitter:site\" content=\"@spc_software\" \/>\n<meta name=\"twitter:label1\" content=\"Tiempo de lectura\" \/>\n\t<meta name=\"twitter:data1\" content=\"3 minutos\" \/>\n<script type=\"application\/ld+json\" class=\"yoast-schema-graph\">{\"@context\":\"https:\/\/schema.org\",\"@graph\":[{\"@type\":\"WebPage\",\"@id\":\"https:\/\/albumexpress.net\/about\/\",\"url\":\"https:\/\/albumexpress.net\/about\/\",\"name\":\"About - Album Express\",\"isPartOf\":{\"@id\":\"https:\/\/albumexpress.net\/#website\"},\"datePublished\":\"2018-05-04T15:32:51+00:00\",\"dateModified\":\"2018-05-11T07:56:28+00:00\",\"description\":\"spc is on a mission to develop simple and beautiful solutions for the world of photography.\",\"breadcrumb\":{\"@id\":\"https:\/\/albumexpress.net\/about\/#breadcrumb\"},\"inLanguage\":\"es\",\"potentialAction\":[{\"@type\":\"ReadAction\",\"target\":[\"https:\/\/albumexpress.net\/about\/\"]}]},{\"@type\":\"BreadcrumbList\",\"@id\":\"https:\/\/albumexpress.net\/about\/#breadcrumb\",\"itemListElement\":[{\"@type\":\"ListItem\",\"position\":1,\"name\":\"Home\",\"item\":\"https:\/\/albumexpress.net\/\"},{\"@type\":\"ListItem\",\"position\":2,\"name\":\"About\"}]},{\"@type\":\"WebSite\",\"@id\":\"https:\/\/albumexpress.net\/#website\",\"url\":\"https:\/\/albumexpress.net\/\",\"name\":\"Album Expresss: Album Design Software for Photographers\",\"description\":\"Album Design Software for Professional Wedding and Portrait Photographers | Try Now - No Credit Card Required\",\"publisher\":{\"@id\":\"https:\/\/albumexpress.net\/#organization\"},\"potentialAction\":[{\"@type\":\"SearchAction\",\"target\":{\"@type\":\"EntryPoint\",\"urlTemplate\":\"https:\/\/albumexpress.net\/?s={search_term_string}\"},\"query-input\":{\"@type\":\"PropertyValueSpecification\",\"valueRequired\":true,\"valueName\":\"search_term_string\"}}],\"inLanguage\":\"es\"},{\"@type\":\"Organization\",\"@id\":\"https:\/\/albumexpress.net\/#organization\",\"name\":\"Album Express\",\"url\":\"https:\/\/albumexpress.net\/\",\"logo\":{\"@type\":\"ImageObject\",\"inLanguage\":\"es\",\"@id\":\"https:\/\/albumexpress.net\/#\/schema\/logo\/image\/\",\"url\":\"https:\/\/albumexpress.net\/wp-content\/uploads\/2018\/05\/Album-Express-8-Mac-Box.png\",\"contentUrl\":\"https:\/\/albumexpress.net\/wp-content\/uploads\/2018\/05\/Album-Express-8-Mac-Box.png\",\"width\":1520,\"height\":1520,\"caption\":\"Album Express\"},\"image\":{\"@id\":\"https:\/\/albumexpress.net\/#\/schema\/logo\/image\/\"},\"sameAs\":[\"https:\/\/www.facebook.com\/AlbumExpress\/\",\"https:\/\/x.com\/spc_software\",\"https:\/\/www.instagram.com\/spc_international\/\",\"https:\/\/www.linkedin.com\/in\/spc-international-63b24238\/\",\"https:\/\/it.pinterest.com\/spcinternational\/\",\"https:\/\/www.youtube.com\/user\/AlbumExpress\"]}]}<\/script>\n<!-- \/ Yoast SEO plugin. -->","yoast_head_json":{"title":"About - Album Express","description":"spc is on a mission to develop simple and beautiful solutions for the world of photography.","robots":{"index":"index","follow":"follow","max-snippet":"max-snippet:-1","max-image-preview":"max-image-preview:large","max-video-preview":"max-video-preview:-1"},"canonical":"https:\/\/albumexpress.net\/es\/about\/","og_locale":"es_ES","og_type":"article","og_title":"About - Album Express","og_description":"spc is on a mission to develop simple and beautiful solutions for the world of photography.","og_url":"https:\/\/albumexpress.net\/es\/about\/","og_site_name":"Album Express","article_publisher":"https:\/\/www.facebook.com\/AlbumExpress\/","article_modified_time":"2018-05-11T07:56:28+00:00","twitter_card":"summary_large_image","twitter_site":"@spc_software","twitter_misc":{"Tiempo de lectura":"3 minutos"},"schema":{"@context":"https:\/\/schema.org","@graph":[{"@type":"WebPage","@id":"https:\/\/albumexpress.net\/about\/","url":"https:\/\/albumexpress.net\/about\/","name":"About - Album Express","isPartOf":{"@id":"https:\/\/albumexpress.net\/#website"},"datePublished":"2018-05-04T15:32:51+00:00","dateModified":"2018-05-11T07:56:28+00:00","description":"spc is on a mission to develop simple and beautiful solutions for the world of photography.","breadcrumb":{"@id":"https:\/\/albumexpress.net\/about\/#breadcrumb"},"inLanguage":"es","potentialAction":[{"@type":"ReadAction","target":["https:\/\/albumexpress.net\/about\/"]}]},{"@type":"BreadcrumbList","@id":"https:\/\/albumexpress.net\/about\/#breadcrumb","itemListElement":[{"@type":"ListItem","position":1,"name":"Home","item":"https:\/\/albumexpress.net\/"},{"@type":"ListItem","position":2,"name":"About"}]},{"@type":"WebSite","@id":"https:\/\/albumexpress.net\/#website","url":"https:\/\/albumexpress.net\/","name":"Album Expresss: Album Design Software for Photographers","description":"Album Design Software for Professional Wedding and Portrait Photographers | Try Now - No Credit Card Required","publisher":{"@id":"https:\/\/albumexpress.net\/#organization"},"potentialAction":[{"@type":"SearchAction","target":{"@type":"EntryPoint","urlTemplate":"https:\/\/albumexpress.net\/?s={search_term_string}"},"query-input":{"@type":"PropertyValueSpecification","valueRequired":true,"valueName":"search_term_string"}}],"inLanguage":"es"},{"@type":"Organization","@id":"https:\/\/albumexpress.net\/#organization","name":"Album Express","url":"https:\/\/albumexpress.net\/","logo":{"@type":"ImageObject","inLanguage":"es","@id":"https:\/\/albumexpress.net\/#\/schema\/logo\/image\/","url":"https:\/\/albumexpress.net\/wp-content\/uploads\/2018\/05\/Album-Express-8-Mac-Box.png","contentUrl":"https:\/\/albumexpress.net\/wp-content\/uploads\/2018\/05\/Album-Express-8-Mac-Box.png","width":1520,"height":1520,"caption":"Album Express"},"image":{"@id":"https:\/\/albumexpress.net\/#\/schema\/logo\/image\/"},"sameAs":["https:\/\/www.facebook.com\/AlbumExpress\/","https:\/\/x.com\/spc_software","https:\/\/www.instagram.com\/spc_international\/","https:\/\/www.linkedin.com\/in\/spc-international-63b24238\/","https:\/\/it.pinterest.com\/spcinternational\/","https:\/\/www.youtube.com\/user\/AlbumExpress"]}]}},"_links":{"self":[{"href":"https:\/\/albumexpress.net\/es\/wp-json\/wp\/v2\/pages\/6814","targetHints":{"allow":["GET"]}}],"collection":[{"href":"https:\/\/albumexpress.net\/es\/wp-json\/wp\/v2\/pages"}],"about":[{"href":"https:\/\/albumexpress.net\/es\/wp-json\/wp\/v2\/types\/page"}],"author":[{"embeddable":true,"href":"https:\/\/albumexpress.net\/es\/wp-json\/wp\/v2\/users\/2"}],"replies":[{"embeddable":true,"href":"https:\/\/albumexpress.net\/es\/wp-json\/wp\/v2\/comments?post=6814"}],"version-history":[{"count":12,"href":"https:\/\/albumexpress.net\/es\/wp-json\/wp\/v2\/pages\/6814\/revisions"}],"predecessor-version":[{"id":6829,"href":"https:\/\/albumexpress.net\/es\/wp-json\/wp\/v2\/pages\/6814\/revisions\/6829"}],"wp:attachment":[{"href":"https:\/\/albumexpress.net\/es\/wp-json\/wp\/v2\/media?parent=6814"}],"curies":[{"name":"wp","href":"https:\/\/api.w.org\/{rel}","templated":true}]}}