{"id":6925,"date":"2018-05-04T17:11:53","date_gmt":"2018-05-04T17:11:53","guid":{"rendered":"https:\/\/albumexpress.net\/?page_id=6925"},"modified":"2018-05-11T15:20:05","modified_gmt":"2018-05-11T15:20:05","slug":"terms-and-conditions-of-use","status":"publish","type":"page","link":"https:\/\/albumexpress.net\/de\/terms-and-conditions-of-use\/","title":{"rendered":"Allgemeine Gesch\u00e4ftsbedingungen"},"content":{"rendered":"<div id=\"fws_69dca51bd821a\"  data-column-margin=\"default\" data-midnight=\"light\" data-top-percent=\"14%\" data-bottom-percent=\"12%\"  class=\"wpb_row vc_row-fluid vc_row full-width-section parallax_section\"  style=\"padding-top: calc(100vw * 0.14); padding-bottom: calc(100vw * 0.12); \"><div class=\"row-bg-wrap\" data-bg-animation=\"none\" data-bg-animation-delay=\"\" data-bg-overlay=\"true\"><div class=\"inner-wrap row-bg-layer using-image\" ><div class=\"row-bg viewport-desktop using-image using-bg-color\" data-parallax-speed=\"fast\" style=\"background-image: url(https:\/\/albumexpress.net\/wp-content\/uploads\/2018\/05\/contact-background.jpg); background-position: center center; background-repeat: no-repeat; background-color: #ffffff; \"><\/div><\/div><div class=\"row-bg-overlay row-bg-layer\" style=\"background: #0a0000; background: linear-gradient(90deg,#0a0000 0%,rgba(10,10,10,0.5) 100%);  opacity: 0.5; \"><\/div><\/div><div class=\"row_col_wrap_12 col span_12 light left\">\n\t<div  class=\"vc_col-sm-12 wpb_column column_container vc_column_container col no-extra-padding\"  data-padding-pos=\"all\" data-has-bg-color=\"false\" data-bg-color=\"\" data-bg-opacity=\"1\" data-animation=\"\" data-delay=\"0\" >\n\t\t<div class=\"vc_column-inner\" >\n\t\t\t<div class=\"wpb_wrapper\">\n\t\t\t\t<div id=\"fws_69dca51bd85eb\" data-midnight=\"\" data-column-margin=\"default\" class=\"wpb_row vc_row-fluid vc_row inner_row vc_row-o-equal-height vc_row-flex vc_row-o-content-middle\"  style=\"\"><div class=\"row-bg-wrap\"> <div class=\"row-bg\" ><\/div> <\/div><div class=\"row_col_wrap_12_inner col span_12  left\">\n\t<div  class=\"vc_col-sm-6 vc_col-lg-6 vc_col-md-6 vc_col-xs-12 wpb_column column_container vc_column_container col child_column has-animation no-extra-padding\"   data-padding-pos=\"all\" data-has-bg-color=\"false\" data-bg-color=\"\" data-bg-opacity=\"1\" data-animation=\"fade-in\" data-delay=\"0\" >\n\t\t<div class=\"vc_column-inner\" >\n\t\t<div class=\"wpb_wrapper\">\n\t\t\t<div class=\"nectar-split-heading\" data-align=\"default\" data-m-align=\"inherit\" data-text-effect=\"default\" data-animation-type=\"default\" data-animation-delay=\"0\" data-animation-offset=\"\" data-m-rm-animation=\"\" data-stagger=\"\" data-custom-font-size=\"false\" ><div class=\"heading-line\" > <div><h1>Bedingungen und<\/h1> <\/div> <\/div><div class=\"heading-line\" > <div><h1>Nutzungsbedingungen<\/h1> <\/div> <\/div><\/div>\n\t\t<\/div> \n\t<\/div>\n\t<\/div> \n\n\t<div  class=\"vc_col-sm-3 vc_hidden-sm vc_hidden-xs wpb_column column_container vc_column_container col child_column no-extra-padding\"   data-padding-pos=\"all\" data-has-bg-color=\"false\" data-bg-color=\"\" data-bg-opacity=\"1\" data-animation=\"\" data-delay=\"0\" >\n\t\t<div class=\"vc_column-inner\" >\n\t\t<div class=\"wpb_wrapper\">\n\t\t\t\n\t\t<\/div> \n\t<\/div>\n\t<\/div> \n\n\t<div  class=\"vc_col-sm-3 vc_col-xs-12 wpb_column column_container vc_column_container col child_column has-animation padding-6-percent\"   data-padding-pos=\"bottom\" data-has-bg-color=\"false\" data-bg-color=\"\" data-bg-opacity=\"1\" data-animation=\"fade-in-from-bottom\" data-delay=\"0\" >\n\t\t<div class=\"vc_column-inner\" >\n\t\t<div class=\"wpb_wrapper\">\n\t\t\t\n\t\t<\/div> \n\t<\/div>\n\t<\/div> \n<\/div><\/div>\n\t\t\t<\/div> \n\t\t<\/div>\n\t<\/div> \n<\/div><\/div>\n\t\t<div id=\"fws_69dca51bd8d0b\"  data-column-margin=\"default\" data-midnight=\"dark\" data-top-percent=\"5%\" data-bottom-percent=\"5%\"  class=\"wpb_row vc_row-fluid vc_row\"  style=\"padding-top: calc(100vw * 0.05); padding-bottom: calc(100vw * 0.05); \"><div class=\"row-bg-wrap\" data-bg-animation=\"none\" data-bg-animation-delay=\"\" data-bg-overlay=\"false\"><div class=\"inner-wrap row-bg-layer\" ><div class=\"row-bg viewport-desktop\"  style=\"\"><\/div><\/div><\/div><div class=\"row_col_wrap_12 col span_12 dark left\">\n\t<div  class=\"vc_col-sm-12 wpb_column column_container vc_column_container col no-extra-padding\"  data-padding-pos=\"all\" data-has-bg-color=\"false\" data-bg-color=\"\" data-bg-opacity=\"1\" data-animation=\"\" data-delay=\"0\" >\n\t\t<div class=\"vc_column-inner\" >\n\t\t\t<div class=\"wpb_wrapper\">\n\t\t\t\t<h1 style=\"font-size: 20px;color: #494949;line-height: 2;text-align: center;font-family:Quicksand;font-weight:400;font-style:normal\" class=\"vc_custom_heading\" >Allgemeine Gesch\u00e4ftsbedingungen International SPC srl<\/p>\n<p>Die folgenden Allgemeinen Gesch\u00e4ftsbedingungen (AGB) regeln Ihre Nutzung dieser Website sowie alle Inhalte, die von oder \u00fcber die folgenden Websites (Sites) von International SPC srl zur Verf\u00fcgung gestellt werden, einschlie\u00dflich, aber nicht beschr\u00e4nkt auf:<\/p>\n<p>Seitenname: www.albumexpress.net<\/p>\n<p>Die Websites geh\u00f6ren und werden von International SPC srl betrieben. (International SPC srl oder wir oder uns).<br \/>\nDurch Ihre Nutzung und Ihren Zugriff auf die Websites erkl\u00e4ren Sie sich mit diesen Allgemeinen Gesch\u00e4ftsbedingungen einverstanden.<\/p>\n<p>1. Mitgliedschaft<br \/>\nSie m\u00fcssen kein Mitglied der Sites sein, um auf die Sites zuzugreifen oder den Inhalt oder die Dienste zu verwenden. Der Zugriff auf einige Bereiche der Websites sowie auf bestimmte Inhalte und Dienste ist jedoch m\u00f6glicherweise nur Mitgliedern gestattet.<br \/>\nWenn Sie Mitglied werden, m\u00fcssen Sie eine separate Mitgliedschaftsvereinbarung abschlie\u00dfen.<\/p>\n<p>2. Eigentumsrechte<br \/>\nIhre Nutzung der Websites gew\u00e4hrt Ihnen kein Eigentum oder Interesse an Inhalten, Codes, Daten oder Materialien, auf die Sie auf oder \u00fcber die Websites zugreifen, oder an geistigen Eigentumsrechten, die auf Inhalten, Codes, Daten oder Materialien beruhen, auf die Sie auf oder zugreifen durch die Sites.<br \/>\nSie d\u00fcrfen eine einzelne Kopie aller auf den Websites enthaltenen Inhalte herunterladen, und zwar ausschlie\u00dflich f\u00fcr Ihren pers\u00f6nlichen, nichtkommerziellen Gebrauch, im Einklang mit diesen Nutzungsbedingungen, sofern Sie das Urheberrecht und andere in diesen Inhalten enthaltene Hinweise einhalten. Dies schlie\u00dft Produkte aus, die auf den Websites zum Verkauf \/ zur Lizenzierung angeboten werden.<br \/>\nIhre Nutzung der Websites gew\u00e4hrt Ihnen kein Eigentum oder Interesse an Inhalten, Codes, Daten oder Materialien, auf die Sie auf oder \u00fcber die Websites zugreifen, oder an geistigen Eigentumsrechten, die auf Inhalten, Codes, Daten oder Materialien beruhen, auf die Sie auf oder zugreifen durch die Sites.<br \/>\nWenn Sie die Websites oder die Produkte, Inhalte, Codes, Daten oder Materialien auf den Websites anderweitig nutzen oder \u00fcber die Websites verf\u00fcgbar machen, versto\u00dfen Sie gegen das Urheberrecht und andere Gesetze Italiens und anderer L\u00e4nder gem\u00e4\u00df den geltenden staatlichen Gesetzen und kann f\u00fcr eine solche nicht autorisierte Verwendung zur Verantwortung gezogen werden.<\/p>\n<p>3. Copyright Agent<br \/>\nWir respektieren die geistigen Eigentumsrechte anderer und fordern, dass diejenigen Personen, die die Websites oder die auf oder \u00fcber die Websites bereitgestellten Dienste oder Funktionen nutzen, dasselbe tun.<br \/>\nWenn Sie der Meinung sind, dass Ihre Arbeit in einer Weise kopiert wurde, die eine Urheberrechtsverletzung darstellt, leiten Sie die folgenden Informationen an International SPC srl weiter:<br \/>\nIhre Adresse, Telefonnummer und E-Mail-Adresse;<br \/>\neine Beschreibung, wo sich das mutma\u00dfliche rechtsverletzende Material befindet;<br \/>\neine Beschreibung der urheberrechtlich gesch\u00fctzten Arbeit, von der Sie behaupten, dass sie verletzt wurde; und<br \/>\neine Erkl\u00e4rung von Ihnen, dass Sie garantieren, dass die obigen Informationen in Ihrem Hinweis korrekt sind und dass Sie der Urheberrechtsinhaber sind oder befugt sind, im Namen des Urheberrechtsinhabers zu handeln.<\/p>\n<p>4. Marken<br \/>\nDie Marken, Logos, Dienstleistungsmarken und Handelsnamen (zusammen die Marken), die auf den Websites oder auf den \u00fcber die Websites verf\u00fcgbaren Inhalten angezeigt werden, sind eingetragene und nicht eingetragene Marken von International SPC srl und anderen.<br \/>\nNichts, was auf den Websites enthalten ist, sollte so ausgelegt werden, dass es ausdr\u00fccklich oder implizit eine Lizenz oder ein Recht zur Nutzung einer auf den Websites angezeigten Marke ohne die schriftliche Genehmigung von International SPC srl oder des Dritten gew\u00e4hrt, der die betreffende Marke besitzt.<\/p>\n<p>5. \u00c4nderungen der Allgemeinen Gesch\u00e4ftsbedingungen<br \/>\nInternational SPC srl kann nach eigenem Ermessen diese Allgemeinen Gesch\u00e4ftsbedingungen (ganz oder teilweise) von Zeit zu Zeit und jederzeit ohne vorherige Ank\u00fcndigung \u00fcberarbeiten oder \u00e4ndern.<br \/>\n\u00c4nderungen der Allgemeinen Gesch\u00e4ftsbedingungen werden wirksam, wenn sie von uns auf den Websites ver\u00f6ffentlicht werden.<br \/>\nIhre fortgesetzte Nutzung der Websites und \/ oder der Dienste, die auf oder \u00fcber die Websites bereitgestellt werden, nachdem \u00c4nderungen an den Allgemeinen Gesch\u00e4ftsbedingungen ver\u00f6ffentlicht wurden, gilt als Akzeptanz dieser \u00c4nderungen.<\/p>\n<p>6. Benutzerinformationen<br \/>\nW\u00e4hrend Ihrer Nutzung der Websites und \/ oder der Inhalte oder Dienste, die auf oder \u00fcber die Websites verf\u00fcgbar gemacht werden, werden Sie m\u00f6glicherweise aufgefordert, uns bestimmte personalisierte Informationen (Benutzerinformationen) zur Verf\u00fcgung zu stellen. Die Richtlinien zur Erfassung und Nutzung von Informationen von International SPC srl in Bezug auf den Datenschutz dieser Benutzerinformationen sind in den Datenschutzrichtlinien der Websites aufgef\u00fchrt.<br \/>\nSie sind allein f\u00fcr die Richtigkeit und den Inhalt der Benutzerinformationen verantwortlich.<\/p>\n<p>7. Verlinkung mit den Sites<br \/>\nSie stimmen zu, dass, wenn Sie einen Link von einer anderen Website zu den Websites einf\u00fcgen, dieser Link zur Vollversion einer HTML-formatierten Seite der Websites f\u00fchren muss.<br \/>\nEs ist Ihnen nicht gestattet, direkt auf ein Bild zu verlinken, das auf den Websites oder unseren Diensten gehostet wird, z. B. durch Verwendung einer Inline-Verlinkungsmethode, um das von uns gehostete Bild auf einer anderen Website anzuzeigen.<br \/>\nSie stimmen zu, Bilder, die auf den Websites gehostet werden, nicht f\u00fcr andere Zwecke herunterzuladen oder zu verwenden, einschlie\u00dflich, ohne Einschr\u00e4nkung, das Posten solcher Bilder auf einer anderen Website.<br \/>\nSie stimmen zu, von keiner anderen Website auf irgendeine Weise auf die Websites zu verlinken, so dass die Websites oder eine Seite der Websites von Inhalten, Materialien oder Marken Dritter &quot;umrahmt&quot;, umgeben oder verschleiert werden.<br \/>\nWir behalten uns das Recht vor, darauf zu bestehen, dass Links zu den Websites unterbrochen werden, und Ihr Recht, Links zu den Websites von anderen Websites aus zu erstellen, jederzeit nach schriftlicher Mitteilung an Sie zu widerrufen.<\/p>\n<p>8. Websites von Drittanbietern.<br \/>\nM\u00f6glicherweise k\u00f6nnen Sie von den Websites zu Websites Dritter (verkn\u00fcpfte Websites) wechseln.<br \/>\nSie erkennen an und erkl\u00e4ren sich damit einverstanden, dass wir keine Verantwortung f\u00fcr die Informationen, Inhalte, Produkte, Dienstleistungen, Werbung, Codes oder sonstigen Materialien \u00fcbernehmen, die von oder \u00fcber verlinkte Websites bereitgestellt werden oder nicht, selbst wenn diese Eigentum unserer verbundenen Unternehmen sind oder von diesen betrieben werden.<br \/>\nDie Aufnahme von Links zu solchen Websites auf unseren Websites impliziert nicht die Billigung, das Sponsoring oder die Empfehlung dieser Website durch International SPC srl.<br \/>\nInternational SPC srl lehnt jegliche Haftung f\u00fcr Links zu anderen Websites ab.<\/p>\n<p>9. Haftungsausschluss<br \/>\nDas Gesetz \u00fcber Handelspraktiken und \u00e4hnliche staatliche und territoriale Gesetze in Italien k\u00f6nnen Ihnen Rechte und Rechtsmittel in Bezug auf die Bereitstellung von Waren oder Dienstleistungen auf den Websites gew\u00e4hren, die von International SPC srl nicht ausgeschlossen, eingeschr\u00e4nkt oder modifiziert werden k\u00f6nnen (nicht ausschlie\u00dfbare Rechte).<br \/>\nInternational SPC srl schlie\u00dft keine nicht ausschlie\u00dfbaren Rechte aus, schlie\u00dft jedoch alle anderen Bedingungen und Garantien aus, die sich aus Sitten, Gesetzen oder Gesetzen ergeben.<br \/>\nSofern nicht in den nicht ausschlie\u00dfbaren Rechten vorgesehen:<br \/>\nAlle Inhalte und Dienste auf den Websites werden &quot;wie sie sind&quot; und ohne ausdr\u00fcckliche oder stillschweigende Garantien jeglicher Art bereitgestellt.<br \/>\nInternational SPC srl und seine Zulieferer lehnen ausdr\u00fccklich alle Garantien jeglicher Art ab, einschlie\u00dflich, aber nicht beschr\u00e4nkt auf implizite Garantien der Marktg\u00e4ngigkeit und Eignung f\u00fcr einen bestimmten Zweck.<br \/>\nInternational SPC srl garantiert nicht, dass die in Inhalten oder Ihrem Zugriff auf die Websites enthaltenen Funktionen ununterbrochen oder fehlerfrei sind, dass etwaige M\u00e4ngel behoben werden oder dass die Websites oder der Server, auf dem Inhalte gespeichert und an Sie \u00fcbertragen werden, frei von diesen sind Viren oder andere sch\u00e4dliche Komponenten; und International SPC srl \u00fcbernimmt keine Garantie oder Zusicherung in Bezug auf Ihren Zugriff auf oder die Ergebnisse Ihres Zugriffs auf die Websites (einschlie\u00dflich verwandter oder verkn\u00fcpfter Websites) oder Inhalte in Bezug auf Richtigkeit, Genauigkeit, Aktualit\u00e4t, Vollst\u00e4ndigkeit und Zuverl\u00e4ssigkeit oder andernfalls.<br \/>\nIn keinem Fall (einschlie\u00dflich, aber nicht beschr\u00e4nkt auf Handlungen oder Unterlassungen von International SPC srl) haften International SPC srl oder ihre verbundenen Unternehmen f\u00fcr indirekte, zuf\u00e4llige, besondere und \/ oder Folgesch\u00e4den oder entgangenen Gewinn, gleich aus welchem Grund jede Nutzung oder jeder Zugriff auf die Websites oder den Inhalt oder jede Unm\u00f6glichkeit, diese zu nutzen oder darauf zuzugreifen.<br \/>\nSoweit gesetzlich zul\u00e4ssig, ist die Haftung von International SPC srl f\u00fcr die Verletzung einer stillschweigenden Garantie oder Bedingung, die nicht ausgeschlossen werden kann, nach Wahl von International SPC srl auf Folgendes beschr\u00e4nkt:<br \/>\nim Falle von Dienstleistungen, die von International SPC srl erbracht oder angeboten werden:<br \/>\ndie Erbringung der Dienstleistungen wieder;<br \/>\ndie Zahlung der Kosten f\u00fcr die Wiedererbringung von Dienstleistungen; und<br \/>\nbei von uns gelieferten oder angebotenen Waren:<br \/>\nder Ersatz der Ware oder die Lieferung gleichwertiger Waren; oder<br \/>\ndie Zahlung der Kosten f\u00fcr den Austausch der Waren oder den Erwerb gleichwertiger Waren.<\/p>\n<p>10. Anwendbare Gesetze<br \/>\nWir kontrollieren und betreiben die Sites von unseren B\u00fcros in Italien aus in \u00dcbereinstimmung mit den Gesetzen Italiens. Wir \u00fcbernehmen keine Gew\u00e4hr daf\u00fcr, dass Materialien auf den Websites f\u00fcr die Verwendung an anderen Standorten geeignet oder verf\u00fcgbar sind. Personen, die von anderen Standorten aus auf die Websites zugreifen, tun dies auf eigene Initiative und sind f\u00fcr die Einhaltung der lokalen Gesetze verantwortlich, sofern und soweit lokale Gesetze anwendbar sind.<\/h1>\n\t\t\t<\/div> \n\t\t<\/div>\n\t<\/div> \n<\/div><\/div>","protected":false},"excerpt":{"rendered":"Terms and conditions of use Terms and Conditions International SPC srl The following terms and conditions (Terms and Conditions) govern your use of this web site, and any content made...","protected":false},"author":2,"featured_media":0,"parent":0,"menu_order":0,"comment_status":"closed","ping_status":"open","template":"","meta":{"footnotes":""},"class_list":["post-6925","page","type-page","status-publish"],"yoast_head":"<!-- This site is optimized with the Yoast SEO plugin v24.4 - https:\/\/yoast.com\/wordpress\/plugins\/seo\/ -->\n<title>Album Express Software for Photographers - terms and conditions of use<\/title>\n<meta name=\"description\" content=\"Album Express Software for Professional Wedding and Portrait Photographers. The Fastest and Easiest professional album design software and the most profitable studio sales software all in one suite.\" \/>\n<meta name=\"robots\" content=\"index, follow, max-snippet:-1, max-image-preview:large, max-video-preview:-1\" \/>\n<link rel=\"canonical\" href=\"https:\/\/albumexpress.net\/de\/terms-and-conditions-of-use\/\" \/>\n<meta property=\"og:locale\" content=\"de_DE\" \/>\n<meta property=\"og:type\" content=\"article\" \/>\n<meta property=\"og:title\" content=\"Album Express Software for Photographers - terms and conditions of use\" \/>\n<meta property=\"og:description\" content=\"Album Express Software for Professional Wedding and Portrait Photographers. The Fastest and Easiest professional album design software and the most profitable studio sales software all in one suite.\" \/>\n<meta property=\"og:url\" content=\"https:\/\/albumexpress.net\/de\/terms-and-conditions-of-use\/\" \/>\n<meta property=\"og:site_name\" content=\"Album Express\" \/>\n<meta property=\"article:publisher\" content=\"https:\/\/www.facebook.com\/AlbumExpress\/\" \/>\n<meta property=\"article:modified_time\" content=\"2018-05-11T15:20:05+00:00\" \/>\n<meta name=\"twitter:card\" content=\"summary_large_image\" \/>\n<meta name=\"twitter:site\" content=\"@spc_software\" \/>\n<meta name=\"twitter:label1\" content=\"Gesch\u00e4tzte Lesezeit\" \/>\n\t<meta name=\"twitter:data1\" content=\"9\u00a0Minuten\" \/>\n<script type=\"application\/ld+json\" class=\"yoast-schema-graph\">{\"@context\":\"https:\/\/schema.org\",\"@graph\":[{\"@type\":\"WebPage\",\"@id\":\"https:\/\/albumexpress.net\/terms-and-conditions-of-use\/\",\"url\":\"https:\/\/albumexpress.net\/terms-and-conditions-of-use\/\",\"name\":\"Album Express Software for Photographers - terms and conditions of use\",\"isPartOf\":{\"@id\":\"https:\/\/albumexpress.net\/#website\"},\"datePublished\":\"2018-05-04T17:11:53+00:00\",\"dateModified\":\"2018-05-11T15:20:05+00:00\",\"description\":\"Album Express Software for Professional Wedding and Portrait Photographers. The Fastest and Easiest professional album design software and the most profitable studio sales software all in one suite.\",\"breadcrumb\":{\"@id\":\"https:\/\/albumexpress.net\/terms-and-conditions-of-use\/#breadcrumb\"},\"inLanguage\":\"de\",\"potentialAction\":[{\"@type\":\"ReadAction\",\"target\":[\"https:\/\/albumexpress.net\/terms-and-conditions-of-use\/\"]}]},{\"@type\":\"BreadcrumbList\",\"@id\":\"https:\/\/albumexpress.net\/terms-and-conditions-of-use\/#breadcrumb\",\"itemListElement\":[{\"@type\":\"ListItem\",\"position\":1,\"name\":\"Home\",\"item\":\"https:\/\/albumexpress.net\/\"},{\"@type\":\"ListItem\",\"position\":2,\"name\":\"Terms and conditions of use\"}]},{\"@type\":\"WebSite\",\"@id\":\"https:\/\/albumexpress.net\/#website\",\"url\":\"https:\/\/albumexpress.net\/\",\"name\":\"Album Expresss: Album Design Software for Photographers\",\"description\":\"Album Design Software for Professional Wedding and Portrait Photographers | Try Now - No Credit Card Required\",\"publisher\":{\"@id\":\"https:\/\/albumexpress.net\/#organization\"},\"potentialAction\":[{\"@type\":\"SearchAction\",\"target\":{\"@type\":\"EntryPoint\",\"urlTemplate\":\"https:\/\/albumexpress.net\/?s={search_term_string}\"},\"query-input\":{\"@type\":\"PropertyValueSpecification\",\"valueRequired\":true,\"valueName\":\"search_term_string\"}}],\"inLanguage\":\"de\"},{\"@type\":\"Organization\",\"@id\":\"https:\/\/albumexpress.net\/#organization\",\"name\":\"Album Express\",\"url\":\"https:\/\/albumexpress.net\/\",\"logo\":{\"@type\":\"ImageObject\",\"inLanguage\":\"de\",\"@id\":\"https:\/\/albumexpress.net\/#\/schema\/logo\/image\/\",\"url\":\"https:\/\/albumexpress.net\/wp-content\/uploads\/2018\/05\/Album-Express-8-Mac-Box.png\",\"contentUrl\":\"https:\/\/albumexpress.net\/wp-content\/uploads\/2018\/05\/Album-Express-8-Mac-Box.png\",\"width\":1520,\"height\":1520,\"caption\":\"Album Express\"},\"image\":{\"@id\":\"https:\/\/albumexpress.net\/#\/schema\/logo\/image\/\"},\"sameAs\":[\"https:\/\/www.facebook.com\/AlbumExpress\/\",\"https:\/\/x.com\/spc_software\",\"https:\/\/www.instagram.com\/spc_international\/\",\"https:\/\/www.linkedin.com\/in\/spc-international-63b24238\/\",\"https:\/\/it.pinterest.com\/spcinternational\/\",\"https:\/\/www.youtube.com\/user\/AlbumExpress\"]}]}<\/script>\n<!-- \/ Yoast SEO plugin. -->","yoast_head_json":{"title":"Album Express Software for Photographers - terms and conditions of use","description":"Album Express Software for Professional Wedding and Portrait Photographers. The Fastest and Easiest professional album design software and the most profitable studio sales software all in one suite.","robots":{"index":"index","follow":"follow","max-snippet":"max-snippet:-1","max-image-preview":"max-image-preview:large","max-video-preview":"max-video-preview:-1"},"canonical":"https:\/\/albumexpress.net\/de\/terms-and-conditions-of-use\/","og_locale":"de_DE","og_type":"article","og_title":"Album Express Software for Photographers - terms and conditions of use","og_description":"Album Express Software for Professional Wedding and Portrait Photographers. The Fastest and Easiest professional album design software and the most profitable studio sales software all in one suite.","og_url":"https:\/\/albumexpress.net\/de\/terms-and-conditions-of-use\/","og_site_name":"Album Express","article_publisher":"https:\/\/www.facebook.com\/AlbumExpress\/","article_modified_time":"2018-05-11T15:20:05+00:00","twitter_card":"summary_large_image","twitter_site":"@spc_software","twitter_misc":{"Gesch\u00e4tzte Lesezeit":"9\u00a0Minuten"},"schema":{"@context":"https:\/\/schema.org","@graph":[{"@type":"WebPage","@id":"https:\/\/albumexpress.net\/terms-and-conditions-of-use\/","url":"https:\/\/albumexpress.net\/terms-and-conditions-of-use\/","name":"Album Express Software for Photographers - terms and conditions of use","isPartOf":{"@id":"https:\/\/albumexpress.net\/#website"},"datePublished":"2018-05-04T17:11:53+00:00","dateModified":"2018-05-11T15:20:05+00:00","description":"Album Express Software for Professional Wedding and Portrait Photographers. The Fastest and Easiest professional album design software and the most profitable studio sales software all in one suite.","breadcrumb":{"@id":"https:\/\/albumexpress.net\/terms-and-conditions-of-use\/#breadcrumb"},"inLanguage":"de","potentialAction":[{"@type":"ReadAction","target":["https:\/\/albumexpress.net\/terms-and-conditions-of-use\/"]}]},{"@type":"BreadcrumbList","@id":"https:\/\/albumexpress.net\/terms-and-conditions-of-use\/#breadcrumb","itemListElement":[{"@type":"ListItem","position":1,"name":"Home","item":"https:\/\/albumexpress.net\/"},{"@type":"ListItem","position":2,"name":"Terms and conditions of use"}]},{"@type":"WebSite","@id":"https:\/\/albumexpress.net\/#website","url":"https:\/\/albumexpress.net\/","name":"Album Expresss: Album Design Software for Photographers","description":"Album Design Software for Professional Wedding and Portrait Photographers | Try Now - No Credit Card Required","publisher":{"@id":"https:\/\/albumexpress.net\/#organization"},"potentialAction":[{"@type":"SearchAction","target":{"@type":"EntryPoint","urlTemplate":"https:\/\/albumexpress.net\/?s={search_term_string}"},"query-input":{"@type":"PropertyValueSpecification","valueRequired":true,"valueName":"search_term_string"}}],"inLanguage":"de"},{"@type":"Organization","@id":"https:\/\/albumexpress.net\/#organization","name":"Album Express","url":"https:\/\/albumexpress.net\/","logo":{"@type":"ImageObject","inLanguage":"de","@id":"https:\/\/albumexpress.net\/#\/schema\/logo\/image\/","url":"https:\/\/albumexpress.net\/wp-content\/uploads\/2018\/05\/Album-Express-8-Mac-Box.png","contentUrl":"https:\/\/albumexpress.net\/wp-content\/uploads\/2018\/05\/Album-Express-8-Mac-Box.png","width":1520,"height":1520,"caption":"Album Express"},"image":{"@id":"https:\/\/albumexpress.net\/#\/schema\/logo\/image\/"},"sameAs":["https:\/\/www.facebook.com\/AlbumExpress\/","https:\/\/x.com\/spc_software","https:\/\/www.instagram.com\/spc_international\/","https:\/\/www.linkedin.com\/in\/spc-international-63b24238\/","https:\/\/it.pinterest.com\/spcinternational\/","https:\/\/www.youtube.com\/user\/AlbumExpress"]}]}},"_links":{"self":[{"href":"https:\/\/albumexpress.net\/de\/wp-json\/wp\/v2\/pages\/6925","targetHints":{"allow":["GET"]}}],"collection":[{"href":"https:\/\/albumexpress.net\/de\/wp-json\/wp\/v2\/pages"}],"about":[{"href":"https:\/\/albumexpress.net\/de\/wp-json\/wp\/v2\/types\/page"}],"author":[{"embeddable":true,"href":"https:\/\/albumexpress.net\/de\/wp-json\/wp\/v2\/users\/2"}],"replies":[{"embeddable":true,"href":"https:\/\/albumexpress.net\/de\/wp-json\/wp\/v2\/comments?post=6925"}],"version-history":[{"count":6,"href":"https:\/\/albumexpress.net\/de\/wp-json\/wp\/v2\/pages\/6925\/revisions"}],"predecessor-version":[{"id":7529,"href":"https:\/\/albumexpress.net\/de\/wp-json\/wp\/v2\/pages\/6925\/revisions\/7529"}],"wp:attachment":[{"href":"https:\/\/albumexpress.net\/de\/wp-json\/wp\/v2\/media?parent=6925"}],"curies":[{"name":"wp","href":"https:\/\/api.w.org\/{rel}","templated":true}]}}