{"id":6379,"date":"2014-12-16T09:15:43","date_gmt":"2014-12-16T09:15:43","guid":{"rendered":"http:\/\/localhost\/wordpress-3-8\/?page_id=2"},"modified":"2018-08-10T12:58:48","modified_gmt":"2018-08-10T12:58:48","slug":"privacy","status":"publish","type":"page","link":"https:\/\/albumexpress.net\/de\/privacy\/","title":{"rendered":"Privacy"},"content":{"rendered":"<div id=\"culture\"  data-column-margin=\"default\" data-midnight=\"light\" data-top-percent=\"15%\" data-bottom-percent=\"15%\"  class=\"wpb_row vc_row-fluid vc_row full-width-section\"  style=\"padding-top: calc(100vw * 0.15); padding-bottom: calc(100vw * 0.15); \"><div class=\"row-bg-wrap\" data-bg-animation=\"none\" data-bg-animation-delay=\"\" data-bg-overlay=\"true\"><div class=\"inner-wrap row-bg-layer using-image\" ><div class=\"row-bg viewport-desktop using-image using-bg-color\"  style=\"background-image: url(https:\/\/albumexpress.net\/wp-content\/uploads\/2018\/05\/privacy.jpg); background-position: left top; background-repeat: no-repeat; background-color: #2b2b2b; \"><\/div><\/div><div class=\"row-bg-overlay row-bg-layer\" style=\"background-color:rgba(0,0,0,0.58);  opacity: 0.3; \"><\/div><\/div><div class=\"row_col_wrap_12 col span_12 light left\">\n\t<div  class=\"vc_col-sm-12 wpb_column column_container vc_column_container col no-extra-padding\"  data-padding-pos=\"all\" data-has-bg-color=\"false\" data-bg-color=\"\" data-bg-opacity=\"1\" data-animation=\"\" data-delay=\"0\" >\n\t\t<div class=\"vc_column-inner\" >\n\t\t\t<div class=\"wpb_wrapper\">\n\t\t\t\t<div class=\"nectar-split-heading\" data-align=\"default\" data-m-align=\"inherit\" data-text-effect=\"default\" data-animation-type=\"default\" data-animation-delay=\"0\" data-animation-offset=\"\" data-m-rm-animation=\"\" data-stagger=\"\" data-custom-font-size=\"false\" ><div class=\"heading-line\" > <div><h1>Datenschutz-Bestimmungen<\/h1> <\/div> <\/div><\/div>\n\t\t\t<\/div> \n\t\t<\/div>\n\t<\/div> \n<\/div><\/div>\n\t\t<div id=\"fws_69d6e7a49a84e\"  data-column-margin=\"default\" data-midnight=\"dark\" data-top-percent=\"5%\" data-bottom-percent=\"5%\"  class=\"wpb_row vc_row-fluid vc_row full-width-content vc_row-o-equal-height vc_row-flex vc_row-o-content-top\"  style=\"padding-top: calc(100vw * 0.05); padding-bottom: calc(100vw * 0.05); \"><div class=\"row-bg-wrap\" data-bg-animation=\"none\" data-bg-animation-delay=\"\" data-bg-overlay=\"false\"><div class=\"inner-wrap row-bg-layer\" ><div class=\"row-bg viewport-desktop using-bg-color\"  style=\"background-color: #ffffff; \"><\/div><\/div><\/div><div class=\"row_col_wrap_12 col span_12 dark left\">\n\t<div  class=\"vc_col-sm-2 wpb_column column_container vc_column_container col no-extra-padding\"  data-padding-pos=\"all\" data-has-bg-color=\"false\" data-bg-color=\"\" data-bg-opacity=\"1\" data-animation=\"\" data-delay=\"0\" >\n\t\t<div class=\"vc_column-inner\" >\n\t\t\t<div class=\"wpb_wrapper\">\n\t\t\t\t\n\t\t\t<\/div> \n\t\t<\/div>\n\t<\/div> \n\n\t<div  class=\"vc_col-sm-8 wpb_column column_container vc_column_container col no-extra-padding\"  data-padding-pos=\"all\" data-has-bg-color=\"false\" data-bg-color=\"\" data-bg-opacity=\"1\" data-animation=\"\" data-delay=\"0\" >\n\t\t<div class=\"vc_column-inner\" >\n\t\t\t<div class=\"wpb_wrapper\">\n\t\t\t\t<h1 style=\"font-size: 18px;line-height: 2;text-align: center\" class=\"vc_custom_heading\" >Wenn Sie sich f\u00fcr ein kostenloses Testkonto anmelden, werden Ihr Name und Ihre E-Mail-Adresse erfasst. Sie k\u00f6nnen Ihre Informationen \u00e4ndern oder entfernen, indem Sie hier klicken und sich anmelden. SPC verwendet m\u00f6glicherweise Ihre E-Mail-Adresse, um Nachrichteninformationen und Werbeaktionen zu versenden. Sie k\u00f6nnen diesen Service jederzeit abbestellen. SPC International gibt Ihren Namen oder Ihre E-Mail-Adresse niemals an Dritte au\u00dferhalb von SPC weiter.<\/p>\n<p>Die SPC-Website verwendet Cookies, Tracking-Pixel und verwandte Technologien. Cookies sind kleine Datendateien, die von unserer Plattform bereitgestellt und auf Ihrem Ger\u00e4t gespeichert werden. Unsere Website verwendet Cookies, die von uns oder Dritten f\u00fcr eine Vielzahl von Zwecken abgelegt wurden, einschlie\u00dflich zum Betreiben und Personalisieren der Website. Cookies k\u00f6nnen auch verwendet werden, um zu verfolgen, wie Sie die Website verwenden, um Anzeigen auf anderen Websites auf Sie auszurichten.<\/p>\n<p>Wenn Sie die Cookie-Technologie deaktivieren m\u00f6chten, k\u00f6nnen Sie dies auf den folgenden Websites tun: der DAA-Deaktivierungssite www.aboutads.info oder der NAI-Deaktivierungssite unter networkadvertising.org\/choices oder f\u00fcr diejenigen in Europa , die EDAA-Opt-out-Site unter youronlinechoices.eu.<\/h1>\n\t\t\t<\/div> \n\t\t<\/div>\n\t<\/div> \n\n\t<div  class=\"vc_col-sm-2 wpb_column column_container vc_column_container col no-extra-padding\"  data-padding-pos=\"all\" data-has-bg-color=\"false\" data-bg-color=\"\" data-bg-opacity=\"1\" data-animation=\"\" data-delay=\"0\" >\n\t\t<div class=\"vc_column-inner\" >\n\t\t\t<div class=\"wpb_wrapper\">\n\t\t\t\t\n\t\t\t<\/div> \n\t\t<\/div>\n\t<\/div> \n<\/div><\/div>","protected":false},"excerpt":{"rendered":"Privacy Policy If you sign up for a free trial account your name and email address is collected. You can modify or remove your information by clicking here and logging...","protected":false},"author":2,"featured_media":0,"parent":0,"menu_order":0,"comment_status":"open","ping_status":"open","template":"","meta":{"footnotes":""},"class_list":["post-6379","page","type-page","status-publish"],"yoast_head":"<!-- This site is optimized with the Yoast SEO plugin v24.4 - https:\/\/yoast.com\/wordpress\/plugins\/seo\/ -->\n<title>Album Express Software for Photographers - Privacy<\/title>\n<meta name=\"description\" content=\"Album Design Software for Professional Wedding and Portrait Photographers - Album Software and In Person Sales Software. The Fastest and Easiest professional album design software and the most profitable studio sales software all in one suite.\" \/>\n<meta name=\"robots\" content=\"index, follow, max-snippet:-1, max-image-preview:large, max-video-preview:-1\" \/>\n<link rel=\"canonical\" href=\"https:\/\/albumexpress.net\/de\/privacy\/\" \/>\n<meta property=\"og:locale\" content=\"de_DE\" \/>\n<meta property=\"og:type\" content=\"article\" \/>\n<meta property=\"og:title\" content=\"Album Express Software for Photographers - Privacy\" \/>\n<meta property=\"og:description\" content=\"Album Design Software for Professional Wedding and Portrait Photographers - Album Software and In Person Sales Software. The Fastest and Easiest professional album design software and the most profitable studio sales software all in one suite.\" \/>\n<meta property=\"og:url\" content=\"https:\/\/albumexpress.net\/de\/privacy\/\" \/>\n<meta property=\"og:site_name\" content=\"Album Express\" \/>\n<meta property=\"article:publisher\" content=\"https:\/\/www.facebook.com\/AlbumExpress\/\" \/>\n<meta property=\"article:modified_time\" content=\"2018-08-10T12:58:48+00:00\" \/>\n<meta name=\"twitter:card\" content=\"summary_large_image\" \/>\n<meta name=\"twitter:site\" content=\"@spc_software\" \/>\n<meta name=\"twitter:label1\" content=\"Gesch\u00e4tzte Lesezeit\" \/>\n\t<meta name=\"twitter:data1\" content=\"2\u00a0Minuten\" \/>\n<script type=\"application\/ld+json\" class=\"yoast-schema-graph\">{\"@context\":\"https:\/\/schema.org\",\"@graph\":[{\"@type\":\"WebPage\",\"@id\":\"https:\/\/albumexpress.net\/privacy\/\",\"url\":\"https:\/\/albumexpress.net\/privacy\/\",\"name\":\"Album Express Software for Photographers - Privacy\",\"isPartOf\":{\"@id\":\"https:\/\/albumexpress.net\/#website\"},\"datePublished\":\"2014-12-16T09:15:43+00:00\",\"dateModified\":\"2018-08-10T12:58:48+00:00\",\"description\":\"Album Design Software for Professional Wedding and Portrait Photographers - Album Software and In Person Sales Software. The Fastest and Easiest professional album design software and the most profitable studio sales software all in one suite.\",\"breadcrumb\":{\"@id\":\"https:\/\/albumexpress.net\/privacy\/#breadcrumb\"},\"inLanguage\":\"de\",\"potentialAction\":[{\"@type\":\"ReadAction\",\"target\":[\"https:\/\/albumexpress.net\/privacy\/\"]}]},{\"@type\":\"BreadcrumbList\",\"@id\":\"https:\/\/albumexpress.net\/privacy\/#breadcrumb\",\"itemListElement\":[{\"@type\":\"ListItem\",\"position\":1,\"name\":\"Home\",\"item\":\"https:\/\/albumexpress.net\/\"},{\"@type\":\"ListItem\",\"position\":2,\"name\":\"Privacy\"}]},{\"@type\":\"WebSite\",\"@id\":\"https:\/\/albumexpress.net\/#website\",\"url\":\"https:\/\/albumexpress.net\/\",\"name\":\"Album Expresss: Album Design Software for Photographers\",\"description\":\"Album Design Software for Professional Wedding and Portrait Photographers | Try Now - No Credit Card Required\",\"publisher\":{\"@id\":\"https:\/\/albumexpress.net\/#organization\"},\"potentialAction\":[{\"@type\":\"SearchAction\",\"target\":{\"@type\":\"EntryPoint\",\"urlTemplate\":\"https:\/\/albumexpress.net\/?s={search_term_string}\"},\"query-input\":{\"@type\":\"PropertyValueSpecification\",\"valueRequired\":true,\"valueName\":\"search_term_string\"}}],\"inLanguage\":\"de\"},{\"@type\":\"Organization\",\"@id\":\"https:\/\/albumexpress.net\/#organization\",\"name\":\"Album Express\",\"url\":\"https:\/\/albumexpress.net\/\",\"logo\":{\"@type\":\"ImageObject\",\"inLanguage\":\"de\",\"@id\":\"https:\/\/albumexpress.net\/#\/schema\/logo\/image\/\",\"url\":\"https:\/\/albumexpress.net\/wp-content\/uploads\/2018\/05\/Album-Express-8-Mac-Box.png\",\"contentUrl\":\"https:\/\/albumexpress.net\/wp-content\/uploads\/2018\/05\/Album-Express-8-Mac-Box.png\",\"width\":1520,\"height\":1520,\"caption\":\"Album Express\"},\"image\":{\"@id\":\"https:\/\/albumexpress.net\/#\/schema\/logo\/image\/\"},\"sameAs\":[\"https:\/\/www.facebook.com\/AlbumExpress\/\",\"https:\/\/x.com\/spc_software\",\"https:\/\/www.instagram.com\/spc_international\/\",\"https:\/\/www.linkedin.com\/in\/spc-international-63b24238\/\",\"https:\/\/it.pinterest.com\/spcinternational\/\",\"https:\/\/www.youtube.com\/user\/AlbumExpress\"]}]}<\/script>\n<!-- \/ Yoast SEO plugin. -->","yoast_head_json":{"title":"Album Express Software for Photographers - Privacy","description":"Album Design Software for Professional Wedding and Portrait Photographers - Album Software and In Person Sales Software. The Fastest and Easiest professional album design software and the most profitable studio sales software all in one suite.","robots":{"index":"index","follow":"follow","max-snippet":"max-snippet:-1","max-image-preview":"max-image-preview:large","max-video-preview":"max-video-preview:-1"},"canonical":"https:\/\/albumexpress.net\/de\/privacy\/","og_locale":"de_DE","og_type":"article","og_title":"Album Express Software for Photographers - Privacy","og_description":"Album Design Software for Professional Wedding and Portrait Photographers - Album Software and In Person Sales Software. The Fastest and Easiest professional album design software and the most profitable studio sales software all in one suite.","og_url":"https:\/\/albumexpress.net\/de\/privacy\/","og_site_name":"Album Express","article_publisher":"https:\/\/www.facebook.com\/AlbumExpress\/","article_modified_time":"2018-08-10T12:58:48+00:00","twitter_card":"summary_large_image","twitter_site":"@spc_software","twitter_misc":{"Gesch\u00e4tzte Lesezeit":"2\u00a0Minuten"},"schema":{"@context":"https:\/\/schema.org","@graph":[{"@type":"WebPage","@id":"https:\/\/albumexpress.net\/privacy\/","url":"https:\/\/albumexpress.net\/privacy\/","name":"Album Express Software for Photographers - Privacy","isPartOf":{"@id":"https:\/\/albumexpress.net\/#website"},"datePublished":"2014-12-16T09:15:43+00:00","dateModified":"2018-08-10T12:58:48+00:00","description":"Album Design Software for Professional Wedding and Portrait Photographers - Album Software and In Person Sales Software. The Fastest and Easiest professional album design software and the most profitable studio sales software all in one suite.","breadcrumb":{"@id":"https:\/\/albumexpress.net\/privacy\/#breadcrumb"},"inLanguage":"de","potentialAction":[{"@type":"ReadAction","target":["https:\/\/albumexpress.net\/privacy\/"]}]},{"@type":"BreadcrumbList","@id":"https:\/\/albumexpress.net\/privacy\/#breadcrumb","itemListElement":[{"@type":"ListItem","position":1,"name":"Home","item":"https:\/\/albumexpress.net\/"},{"@type":"ListItem","position":2,"name":"Privacy"}]},{"@type":"WebSite","@id":"https:\/\/albumexpress.net\/#website","url":"https:\/\/albumexpress.net\/","name":"Album Expresss: Album Design Software for Photographers","description":"Album Design Software for Professional Wedding and Portrait Photographers | Try Now - No Credit Card Required","publisher":{"@id":"https:\/\/albumexpress.net\/#organization"},"potentialAction":[{"@type":"SearchAction","target":{"@type":"EntryPoint","urlTemplate":"https:\/\/albumexpress.net\/?s={search_term_string}"},"query-input":{"@type":"PropertyValueSpecification","valueRequired":true,"valueName":"search_term_string"}}],"inLanguage":"de"},{"@type":"Organization","@id":"https:\/\/albumexpress.net\/#organization","name":"Album Express","url":"https:\/\/albumexpress.net\/","logo":{"@type":"ImageObject","inLanguage":"de","@id":"https:\/\/albumexpress.net\/#\/schema\/logo\/image\/","url":"https:\/\/albumexpress.net\/wp-content\/uploads\/2018\/05\/Album-Express-8-Mac-Box.png","contentUrl":"https:\/\/albumexpress.net\/wp-content\/uploads\/2018\/05\/Album-Express-8-Mac-Box.png","width":1520,"height":1520,"caption":"Album Express"},"image":{"@id":"https:\/\/albumexpress.net\/#\/schema\/logo\/image\/"},"sameAs":["https:\/\/www.facebook.com\/AlbumExpress\/","https:\/\/x.com\/spc_software","https:\/\/www.instagram.com\/spc_international\/","https:\/\/www.linkedin.com\/in\/spc-international-63b24238\/","https:\/\/it.pinterest.com\/spcinternational\/","https:\/\/www.youtube.com\/user\/AlbumExpress"]}]}},"_links":{"self":[{"href":"https:\/\/albumexpress.net\/de\/wp-json\/wp\/v2\/pages\/6379","targetHints":{"allow":["GET"]}}],"collection":[{"href":"https:\/\/albumexpress.net\/de\/wp-json\/wp\/v2\/pages"}],"about":[{"href":"https:\/\/albumexpress.net\/de\/wp-json\/wp\/v2\/types\/page"}],"author":[{"embeddable":true,"href":"https:\/\/albumexpress.net\/de\/wp-json\/wp\/v2\/users\/2"}],"replies":[{"embeddable":true,"href":"https:\/\/albumexpress.net\/de\/wp-json\/wp\/v2\/comments?post=6379"}],"version-history":[{"count":21,"href":"https:\/\/albumexpress.net\/de\/wp-json\/wp\/v2\/pages\/6379\/revisions"}],"predecessor-version":[{"id":6780,"href":"https:\/\/albumexpress.net\/de\/wp-json\/wp\/v2\/pages\/6379\/revisions\/6780"}],"wp:attachment":[{"href":"https:\/\/albumexpress.net\/de\/wp-json\/wp\/v2\/media?parent=6379"}],"curies":[{"name":"wp","href":"https:\/\/api.w.org\/{rel}","templated":true}]}}